{"id":15529,"date":"2021-04-06T19:31:43","date_gmt":"2021-04-07T00:31:43","guid":{"rendered":"http:\/\/119.8.7.19\/masterprom\/producto\/041dec002\/"},"modified":"2021-04-06T19:31:44","modified_gmt":"2021-04-07T00:31:44","slug":"041dec002","status":"publish","type":"product","link":"http:\/\/119.8.7.19\/masterprom\/producto\/041dec002\/","title":{"rendered":"041DEC002"},"content":{"rendered":"<p>Ambiray, luz de T\u00e9, Moderna y elegante, esta impresionante luz de t\u00e9 de acero inoxidable, brilla maravillosamente con una gran cantidad de peque\u00f1os cristales transparentes facetados. Las formas puras y las l\u00edneas limpias complementan cualquier habitaci\u00f3n de su hogar u oficina.<\/p>\n","protected":false},"excerpt":{"rendered":"<p>Ambiray, luz de T\u00e9, Moderna y elegante, esta impresionante luz de t\u00e9 de acero inoxidable, brilla maravillosamente con una gran cantidad de peque\u00f1os cristales transparentes facetados. Las formas puras y las l\u00edneas limpias complementan cualquier habitaci\u00f3n de su hogar u oficina.<\/p>\n","protected":false},"featured_media":0,"comment_status":"closed","ping_status":"open","template":"","meta":[],"class_list":["post-15529","product","type-product","status-publish","hentry","product_cat-accesorios-de-escritorio","product_cat-articulos-de-oficina","product_cat-regalos-ejecutivos","product_tag-sunline"],"_links":{"self":[{"href":"http:\/\/119.8.7.19\/masterprom\/wp-json\/wp\/v2\/product\/15529","targetHints":{"allow":["GET"]}}],"collection":[{"href":"http:\/\/119.8.7.19\/masterprom\/wp-json\/wp\/v2\/product"}],"about":[{"href":"http:\/\/119.8.7.19\/masterprom\/wp-json\/wp\/v2\/types\/product"}],"replies":[{"embeddable":true,"href":"http:\/\/119.8.7.19\/masterprom\/wp-json\/wp\/v2\/comments?post=15529"}],"wp:attachment":[{"href":"http:\/\/119.8.7.19\/masterprom\/wp-json\/wp\/v2\/media?parent=15529"}],"curies":[{"name":"wp","href":"https:\/\/api.w.org\/{rel}","templated":true}]}}