{"id":15519,"date":"2021-04-06T19:31:33","date_gmt":"2021-04-07T00:31:33","guid":{"rendered":"http:\/\/119.8.7.19\/masterprom\/producto\/a2221\/"},"modified":"2021-04-06T19:31:34","modified_gmt":"2021-04-07T00:31:34","slug":"a2221","status":"publish","type":"product","link":"http:\/\/119.8.7.19\/masterprom\/producto\/a2221\/","title":{"rendered":"A2221"},"content":{"rendered":"<p>Set de papeler\u00eda que incluye mini despachador de cinta adhesiva, 5 clips sujeta documentos y 20 clips para papel. Presentaci\u00f3n: estuche de pl\u00e1stico transparente<\/p>\n","protected":false},"excerpt":{"rendered":"<p>Set de papeler\u00eda que incluye mini despachador de cinta adhesiva, 5 clips sujeta documentos y 20 clips para papel. Presentaci\u00f3n: estuche de pl\u00e1stico transparente<\/p>\n","protected":false},"featured_media":0,"comment_status":"closed","ping_status":"open","template":"","meta":[],"class_list":["post-15519","product","type-product","status-publish","hentry","product_cat-accesorios-de-escritorio","product_cat-articulos-de-oficina","product_tag-winideas"],"_links":{"self":[{"href":"http:\/\/119.8.7.19\/masterprom\/wp-json\/wp\/v2\/product\/15519","targetHints":{"allow":["GET"]}}],"collection":[{"href":"http:\/\/119.8.7.19\/masterprom\/wp-json\/wp\/v2\/product"}],"about":[{"href":"http:\/\/119.8.7.19\/masterprom\/wp-json\/wp\/v2\/types\/product"}],"replies":[{"embeddable":true,"href":"http:\/\/119.8.7.19\/masterprom\/wp-json\/wp\/v2\/comments?post=15519"}],"wp:attachment":[{"href":"http:\/\/119.8.7.19\/masterprom\/wp-json\/wp\/v2\/media?parent=15519"}],"curies":[{"name":"wp","href":"https:\/\/api.w.org\/{rel}","templated":true}]}}