{"id":15509,"date":"2021-04-06T19:31:31","date_gmt":"2021-04-07T00:31:31","guid":{"rendered":"http:\/\/119.8.7.19\/masterprom\/producto\/m-80750\/"},"modified":"2021-04-06T19:31:33","modified_gmt":"2021-04-07T00:31:33","slug":"m-80750","status":"publish","type":"product","link":"http:\/\/119.8.7.19\/masterprom\/producto\/m-80750\/","title":{"rendered":"M-80750"},"content":{"rendered":"<p>Carpeta miram (incluye block de raya tama\u00f1o a4 con 20 hojas, el\u00e1stico para bol\u00edgrafo, compartimento para smartphone y tarjetas. Broche magn\u00e9tico. No incluye bol\u00edgrafo)<\/p>\n","protected":false},"excerpt":{"rendered":"<p>Carpeta miram (incluye block de raya tama\u00f1o a4 con 20 hojas, el\u00e1stico para bol\u00edgrafo, compartimento para smartphone y tarjetas. Broche magn\u00e9tico. No incluye bol\u00edgrafo)<\/p>\n","protected":false},"featured_media":0,"comment_status":"closed","ping_status":"open","template":"","meta":[],"class_list":["post-15509","product","type-product","status-publish","hentry","product_cat-articulos-de-oficina","product_cat-carpetas-y-agendas","product_tag-promoopcion"],"_links":{"self":[{"href":"http:\/\/119.8.7.19\/masterprom\/wp-json\/wp\/v2\/product\/15509","targetHints":{"allow":["GET"]}}],"collection":[{"href":"http:\/\/119.8.7.19\/masterprom\/wp-json\/wp\/v2\/product"}],"about":[{"href":"http:\/\/119.8.7.19\/masterprom\/wp-json\/wp\/v2\/types\/product"}],"replies":[{"embeddable":true,"href":"http:\/\/119.8.7.19\/masterprom\/wp-json\/wp\/v2\/comments?post=15509"}],"wp:attachment":[{"href":"http:\/\/119.8.7.19\/masterprom\/wp-json\/wp\/v2\/media?parent=15509"}],"curies":[{"name":"wp","href":"https:\/\/api.w.org\/{rel}","templated":true}]}}