{"id":15505,"date":"2021-04-06T19:31:31","date_gmt":"2021-04-07T00:31:31","guid":{"rendered":"http:\/\/119.8.7.19\/masterprom\/producto\/of61153\/"},"modified":"2021-04-06T19:31:33","modified_gmt":"2021-04-07T00:31:33","slug":"of61153","status":"publish","type":"product","link":"http:\/\/119.8.7.19\/masterprom\/producto\/of61153\/","title":{"rendered":"OF61153"},"content":{"rendered":"<p>Carpeta Stratford, arillo para bol\u00edgrafo o USB en tapa frontal y organizador interior. Ranuras para seis tarjetas de presentaci\u00f3n. Ventana transparente para identificaci\u00f3n. Bolsillo para archivos reforzado. bloc de notas tama\u00f1o carta.<\/p>\n","protected":false},"excerpt":{"rendered":"<p>Carpeta Stratford, arillo para bol\u00edgrafo o USB en tapa frontal y organizador interior. Ranuras para seis tarjetas de presentaci\u00f3n. Ventana transparente para identificaci\u00f3n. Bolsillo para archivos reforzado. bloc de notas tama\u00f1o carta.<\/p>\n","protected":false},"featured_media":0,"comment_status":"closed","ping_status":"open","template":"","meta":[],"class_list":["post-15505","product","type-product","status-publish","hentry","product_cat-articulos-de-oficina","product_cat-carpetas-y-agendas","product_tag-promoline"],"_links":{"self":[{"href":"http:\/\/119.8.7.19\/masterprom\/wp-json\/wp\/v2\/product\/15505","targetHints":{"allow":["GET"]}}],"collection":[{"href":"http:\/\/119.8.7.19\/masterprom\/wp-json\/wp\/v2\/product"}],"about":[{"href":"http:\/\/119.8.7.19\/masterprom\/wp-json\/wp\/v2\/types\/product"}],"replies":[{"embeddable":true,"href":"http:\/\/119.8.7.19\/masterprom\/wp-json\/wp\/v2\/comments?post=15505"}],"wp:attachment":[{"href":"http:\/\/119.8.7.19\/masterprom\/wp-json\/wp\/v2\/media?parent=15505"}],"curies":[{"name":"wp","href":"https:\/\/api.w.org\/{rel}","templated":true}]}}