{"id":15504,"date":"2021-04-06T19:31:47","date_gmt":"2021-04-07T00:31:47","guid":{"rendered":"http:\/\/119.8.7.19\/masterprom\/producto\/of41001\/"},"modified":"2021-04-06T19:31:48","modified_gmt":"2021-04-07T00:31:48","slug":"of41001","status":"publish","type":"product","link":"http:\/\/119.8.7.19\/masterprom\/producto\/of41001\/","title":{"rendered":"OF41001"},"content":{"rendered":"<p>Carpeta con cremallera y bolsillo interior que se adapta para laptop de 13 pulgadas. Panel de organizaci\u00f3n interno con bandas el\u00e1sticas y soporte para aud\u00edfonos. Soporte de goma para smartphone. Incluye bloc de notas.<\/p>\n","protected":false},"excerpt":{"rendered":"<p>Carpeta con cremallera y bolsillo interior que se adapta para laptop de 13 pulgadas. Panel de organizaci\u00f3n interno con bandas el\u00e1sticas y soporte para aud\u00edfonos. Soporte de goma para smartphone. Incluye bloc de notas.<\/p>\n","protected":false},"featured_media":0,"comment_status":"closed","ping_status":"open","template":"","meta":[],"class_list":["post-15504","product","type-product","status-publish","hentry","product_cat-articulos-de-oficina","product_cat-carpetas-y-agendas","product_cat-regalos-ejecutivos","product_tag-promoline"],"_links":{"self":[{"href":"http:\/\/119.8.7.19\/masterprom\/wp-json\/wp\/v2\/product\/15504","targetHints":{"allow":["GET"]}}],"collection":[{"href":"http:\/\/119.8.7.19\/masterprom\/wp-json\/wp\/v2\/product"}],"about":[{"href":"http:\/\/119.8.7.19\/masterprom\/wp-json\/wp\/v2\/types\/product"}],"replies":[{"embeddable":true,"href":"http:\/\/119.8.7.19\/masterprom\/wp-json\/wp\/v2\/comments?post=15504"}],"wp:attachment":[{"href":"http:\/\/119.8.7.19\/masterprom\/wp-json\/wp\/v2\/media?parent=15504"}],"curies":[{"name":"wp","href":"https:\/\/api.w.org\/{rel}","templated":true}]}}