{"id":15492,"date":"2021-04-06T19:31:31","date_gmt":"2021-04-07T00:31:31","guid":{"rendered":"http:\/\/119.8.7.19\/masterprom\/producto\/c495\/"},"modified":"2021-04-06T19:31:31","modified_gmt":"2021-04-07T00:31:31","slug":"c495","status":"publish","type":"product","link":"http:\/\/119.8.7.19\/masterprom\/producto\/c495\/","title":{"rendered":"C495"},"content":{"rendered":"<p>Carpeta &#8220;stylus ii&#8221; carpeta con cierre. exterior acojinado. plaqueta met\u00e1lica para grabado (medida: 5&#215;2 cm). interior: compartimento porta tablet, tarjetero, calculadora y 3 portabol\u00edgrafos el\u00e1sticos. incluye block blanco tama\u00f1o a-4 20 hojas. 33,5 x 25 cm. (cerrado). 53 x 25 cm. (abierto)<\/p>\n","protected":false},"excerpt":{"rendered":"<p>Carpeta &#8220;stylus ii&#8221; carpeta con cierre. exterior acojinado. plaqueta met\u00e1lica para grabado (medida: 5&#215;2 cm). interior: compartimento porta tablet, tarjetero, calculadora y 3 portabol\u00edgrafos el\u00e1sticos. incluye block blanco tama\u00f1o a-4 20 hojas. 33,5 x 25 cm. (cerrado). 53 x 25 cm. (abierto)<\/p>\n","protected":false},"featured_media":0,"comment_status":"closed","ping_status":"open","template":"","meta":[],"class_list":["post-15492","product","type-product","status-publish","hentry","product_cat-articulos-de-oficina","product_cat-carpetas-y-agendas","product_tag-cdo"],"_links":{"self":[{"href":"http:\/\/119.8.7.19\/masterprom\/wp-json\/wp\/v2\/product\/15492","targetHints":{"allow":["GET"]}}],"collection":[{"href":"http:\/\/119.8.7.19\/masterprom\/wp-json\/wp\/v2\/product"}],"about":[{"href":"http:\/\/119.8.7.19\/masterprom\/wp-json\/wp\/v2\/types\/product"}],"replies":[{"embeddable":true,"href":"http:\/\/119.8.7.19\/masterprom\/wp-json\/wp\/v2\/comments?post=15492"}],"wp:attachment":[{"href":"http:\/\/119.8.7.19\/masterprom\/wp-json\/wp\/v2\/media?parent=15492"}],"curies":[{"name":"wp","href":"https:\/\/api.w.org\/{rel}","templated":true}]}}