{"id":15491,"date":"2021-04-06T19:31:31","date_gmt":"2021-04-07T00:31:31","guid":{"rendered":"http:\/\/119.8.7.19\/masterprom\/producto\/c514\/"},"modified":"2021-04-06T19:31:31","modified_gmt":"2021-04-07T00:31:31","slug":"c514","status":"publish","type":"product","link":"http:\/\/119.8.7.19\/masterprom\/producto\/c514\/","title":{"rendered":"C514"},"content":{"rendered":"<p>Carpeta roma,  bolsillo en la parte exterior. en la parte interna cuenta con sobre para guardar tablet, soporte con velcro para tablet o celular. porta celular, compartimento para tarjetas o documentos y tres compartimentos para guardar cables y aud\u00edfono. porta bol\u00edgrafo. block de hojas blancas. cierre con tirador met\u00e1lico.<\/p>\n","protected":false},"excerpt":{"rendered":"<p>Carpeta roma,  bolsillo en la parte exterior. en la parte interna cuenta con sobre para guardar tablet, soporte con velcro para tablet o celular. porta celular, compartimento para tarjetas o documentos y tres compartimentos para guardar cables y aud\u00edfono. porta bol\u00edgrafo. block de hojas blancas. cierre con tirador met\u00e1lico.<\/p>\n","protected":false},"featured_media":0,"comment_status":"closed","ping_status":"open","template":"","meta":[],"class_list":["post-15491","product","type-product","status-publish","hentry","product_cat-articulos-de-oficina","product_cat-carpetas-y-agendas","product_tag-cdo"],"_links":{"self":[{"href":"http:\/\/119.8.7.19\/masterprom\/wp-json\/wp\/v2\/product\/15491","targetHints":{"allow":["GET"]}}],"collection":[{"href":"http:\/\/119.8.7.19\/masterprom\/wp-json\/wp\/v2\/product"}],"about":[{"href":"http:\/\/119.8.7.19\/masterprom\/wp-json\/wp\/v2\/types\/product"}],"replies":[{"embeddable":true,"href":"http:\/\/119.8.7.19\/masterprom\/wp-json\/wp\/v2\/comments?post=15491"}],"wp:attachment":[{"href":"http:\/\/119.8.7.19\/masterprom\/wp-json\/wp\/v2\/media?parent=15491"}],"curies":[{"name":"wp","href":"https:\/\/api.w.org\/{rel}","templated":true}]}}