{"id":15489,"date":"2021-04-06T19:31:29","date_gmt":"2021-04-07T00:31:29","guid":{"rendered":"http:\/\/119.8.7.19\/masterprom\/producto\/car-aro\/"},"modified":"2021-04-06T19:31:31","modified_gmt":"2021-04-07T00:31:31","slug":"car-aro","status":"publish","type":"product","link":"http:\/\/119.8.7.19\/masterprom\/producto\/car-aro\/","title":{"rendered":"CAR ARO"},"content":{"rendered":"<p>Carpeta recopiladora negra con 3 anillas de 1.8 cm de di\u00e1metro. 120 Hojas de Raya de 14.5 x 21 cm y 6 separadores de pl\u00e1stico transparente del mismo tama\u00f1o. Espacio para tarjetas y documentos. Espacio para bol\u00edgrafo (no incluido). Cubierta de curpiel lisa que permite grabados de contraste. El recopilador se<br \/>\nabre manualmente, jalando con fuerza cualquiera de los anillos en los extremos, desde el centro y hacia afuera.<\/p>\n","protected":false},"excerpt":{"rendered":"<p>Carpeta recopiladora negra con 3 anillas de 1.8 cm de di\u00e1metro. 120 Hojas de Raya de 14.5 x 21 cm y 6 separadores de pl\u00e1stico transparente del mismo tama\u00f1o. Espacio para tarjetas y documentos. Espacio para bol\u00edgrafo (no incluido). Cubierta de curpiel lisa que permite grabados de contraste. El recopilador se<br \/>\nabre manualmente, jalando con fuerza cualquiera de los anillos en los extremos, desde el centro y hacia afuera.<\/p>\n","protected":false},"featured_media":0,"comment_status":"closed","ping_status":"open","template":"","meta":[],"class_list":["post-15489","product","type-product","status-publish","hentry","product_cat-articulos-de-oficina","product_cat-carpetas-y-agendas","product_tag-g4"],"_links":{"self":[{"href":"http:\/\/119.8.7.19\/masterprom\/wp-json\/wp\/v2\/product\/15489","targetHints":{"allow":["GET"]}}],"collection":[{"href":"http:\/\/119.8.7.19\/masterprom\/wp-json\/wp\/v2\/product"}],"about":[{"href":"http:\/\/119.8.7.19\/masterprom\/wp-json\/wp\/v2\/types\/product"}],"replies":[{"embeddable":true,"href":"http:\/\/119.8.7.19\/masterprom\/wp-json\/wp\/v2\/comments?post=15489"}],"wp:attachment":[{"href":"http:\/\/119.8.7.19\/masterprom\/wp-json\/wp\/v2\/media?parent=15489"}],"curies":[{"name":"wp","href":"https:\/\/api.w.org\/{rel}","templated":true}]}}