{"id":15487,"date":"2021-04-06T19:31:29","date_gmt":"2021-04-07T00:31:29","guid":{"rendered":"http:\/\/119.8.7.19\/masterprom\/producto\/a2404\/"},"modified":"2021-04-06T19:31:31","modified_gmt":"2021-04-07T00:31:31","slug":"a2404","status":"publish","type":"product","link":"http:\/\/119.8.7.19\/masterprom\/producto\/a2404\/","title":{"rendered":"A2404"},"content":{"rendered":"<p>Carpeta multiusos con exterior en tela, cierre y compartimento externo para guardar tablet o documentos. Cuenta con block de notas tama\u00f1o carta de 20 hojas rayadas, compartimento interior para tablet, 2 soportes ajustables con velcro para sujetar tablets y celulares, cinta el\u00e1stica para Smartphone, cinta el\u00e1stica para memorias USB u otros accesorios, compartimento con ventana pl\u00e1stica para credenciales, divisiones para tarjetas, bolsa de malla, as\u00ed como cinta el\u00e1stica para fijar bol\u00edgrafo, el cual no viene incluido.<\/p>\n","protected":false},"excerpt":{"rendered":"<p>Carpeta multiusos con exterior en tela, cierre y compartimento externo para guardar tablet o documentos. Cuenta con block de notas tama\u00f1o carta de 20 hojas rayadas, compartimento interior para tablet, 2 soportes ajustables con velcro para sujetar tablets y celulares, cinta el\u00e1stica para Smartphone, cinta el\u00e1stica para memorias USB u otros accesorios, compartimento con ventana pl\u00e1stica para credenciales, divisiones para tarjetas, bolsa de malla, as\u00ed como cinta el\u00e1stica para fijar bol\u00edgrafo, el cual no viene incluido.<\/p>\n","protected":false},"featured_media":0,"comment_status":"closed","ping_status":"open","template":"","meta":[],"class_list":["post-15487","product","type-product","status-publish","hentry","product_cat-articulos-de-oficina","product_cat-carpetas-y-agendas","product_tag-winideas"],"_links":{"self":[{"href":"http:\/\/119.8.7.19\/masterprom\/wp-json\/wp\/v2\/product\/15487","targetHints":{"allow":["GET"]}}],"collection":[{"href":"http:\/\/119.8.7.19\/masterprom\/wp-json\/wp\/v2\/product"}],"about":[{"href":"http:\/\/119.8.7.19\/masterprom\/wp-json\/wp\/v2\/types\/product"}],"replies":[{"embeddable":true,"href":"http:\/\/119.8.7.19\/masterprom\/wp-json\/wp\/v2\/comments?post=15487"}],"wp:attachment":[{"href":"http:\/\/119.8.7.19\/masterprom\/wp-json\/wp\/v2\/media?parent=15487"}],"curies":[{"name":"wp","href":"https:\/\/api.w.org\/{rel}","templated":true}]}}