{"id":15486,"date":"2021-04-06T19:31:29","date_gmt":"2021-04-07T00:31:29","guid":{"rendered":"http:\/\/119.8.7.19\/masterprom\/producto\/a2403\/"},"modified":"2021-04-06T19:31:30","modified_gmt":"2021-04-07T00:31:30","slug":"a2403","status":"publish","type":"product","link":"http:\/\/119.8.7.19\/masterprom\/producto\/a2403\/","title":{"rendered":"A2403"},"content":{"rendered":"<p>Moderna carpeta multiusos con cierre, con exterior e interior en tela. Incluye libreta tama\u00f1o A5 de 64 hojas rayadas (128 p\u00e1ginas). Cuenta con funda al frente para Smartphone, compartimento interior para tablet, 2 soportes ajustables portatablet o portacelular, cinta el\u00e1stica para Smartphone y cinta el\u00e1stica para memorias USB u otros accesorios, compartimento con ventana pl\u00e1stica para credenciales, divisiones para tarjetas, bolsa de malla, agarradera exterior con broche de presi\u00f3n, as\u00ed como cinta el\u00e1stica p<\/p>\n","protected":false},"excerpt":{"rendered":"<p>Moderna carpeta multiusos con cierre, con exterior e interior en tela. Incluye libreta tama\u00f1o A5 de 64 hojas rayadas (128 p\u00e1ginas). Cuenta con funda al frente para Smartphone, compartimento interior para tablet, 2 soportes ajustables portatablet o portacelular, cinta el\u00e1stica para Smartphone y cinta el\u00e1stica para memorias USB u otros accesorios, compartimento con ventana pl\u00e1stica para credenciales, divisiones para tarjetas, bolsa de malla, agarradera exterior con broche de presi\u00f3n, as\u00ed como cinta el\u00e1stica p<\/p>\n","protected":false},"featured_media":0,"comment_status":"closed","ping_status":"open","template":"","meta":[],"class_list":["post-15486","product","type-product","status-publish","hentry","product_cat-articulos-de-oficina","product_cat-carpetas-y-agendas","product_tag-winideas"],"_links":{"self":[{"href":"http:\/\/119.8.7.19\/masterprom\/wp-json\/wp\/v2\/product\/15486","targetHints":{"allow":["GET"]}}],"collection":[{"href":"http:\/\/119.8.7.19\/masterprom\/wp-json\/wp\/v2\/product"}],"about":[{"href":"http:\/\/119.8.7.19\/masterprom\/wp-json\/wp\/v2\/types\/product"}],"replies":[{"embeddable":true,"href":"http:\/\/119.8.7.19\/masterprom\/wp-json\/wp\/v2\/comments?post=15486"}],"wp:attachment":[{"href":"http:\/\/119.8.7.19\/masterprom\/wp-json\/wp\/v2\/media?parent=15486"}],"curies":[{"name":"wp","href":"https:\/\/api.w.org\/{rel}","templated":true}]}}