{"id":15478,"date":"2021-04-06T19:31:29","date_gmt":"2021-04-07T00:31:29","guid":{"rendered":"http:\/\/119.8.7.19\/masterprom\/producto\/hl-1100\/"},"modified":"2021-04-06T19:31:30","modified_gmt":"2021-04-07T00:31:30","slug":"hl-1100","status":"publish","type":"product","link":"http:\/\/119.8.7.19\/masterprom\/producto\/hl-1100\/","title":{"rendered":"HL-1100"},"content":{"rendered":"<p>Libreta joliet (100 hojas de raya. incluye notas adheribles en 5 colores, bol\u00edgrafo ecol\u00f3gico y espiral met\u00e1lico doble.) Cart\u00f3n \/ Espiral Met\u00e1lico<\/p>\n","protected":false},"excerpt":{"rendered":"<p>Libreta joliet (100 hojas de raya. incluye notas adheribles en 5 colores, bol\u00edgrafo ecol\u00f3gico y espiral met\u00e1lico doble.) Cart\u00f3n \/ Espiral Met\u00e1lico<\/p>\n","protected":false},"featured_media":0,"comment_status":"closed","ping_status":"open","template":"","meta":[],"class_list":["post-15478","product","type-product","status-publish","hentry","product_cat-articulos-de-oficina","product_cat-libretas","product_tag-promoopcion"],"_links":{"self":[{"href":"http:\/\/119.8.7.19\/masterprom\/wp-json\/wp\/v2\/product\/15478","targetHints":{"allow":["GET"]}}],"collection":[{"href":"http:\/\/119.8.7.19\/masterprom\/wp-json\/wp\/v2\/product"}],"about":[{"href":"http:\/\/119.8.7.19\/masterprom\/wp-json\/wp\/v2\/types\/product"}],"replies":[{"embeddable":true,"href":"http:\/\/119.8.7.19\/masterprom\/wp-json\/wp\/v2\/comments?post=15478"}],"wp:attachment":[{"href":"http:\/\/119.8.7.19\/masterprom\/wp-json\/wp\/v2\/media?parent=15478"}],"curies":[{"name":"wp","href":"https:\/\/api.w.org\/{rel}","templated":true}]}}