{"id":15475,"date":"2021-04-06T19:31:29","date_gmt":"2021-04-07T00:31:29","guid":{"rendered":"http:\/\/119.8.7.19\/masterprom\/producto\/hl-9010\/"},"modified":"2021-04-06T19:31:29","modified_gmt":"2021-04-07T00:31:29","slug":"hl-9010","status":"publish","type":"product","link":"http:\/\/119.8.7.19\/masterprom\/producto\/hl-9010\/","title":{"rendered":"HL-9010"},"content":{"rendered":"<p>Libreta quercus (80 hojas raya. incluye el\u00e1stico para bol\u00edgrafo y compartimento para tarjeta. no incluye bol\u00edgrafo.)<\/p>\n","protected":false},"excerpt":{"rendered":"<p>Libreta quercus (80 hojas raya. incluye el\u00e1stico para bol\u00edgrafo y compartimento para tarjeta. no incluye bol\u00edgrafo.)<\/p>\n","protected":false},"featured_media":0,"comment_status":"closed","ping_status":"open","template":"","meta":[],"class_list":["post-15475","product","type-product","status-publish","hentry","product_cat-articulos-de-oficina","product_cat-libretas","product_tag-promoopcion"],"_links":{"self":[{"href":"http:\/\/119.8.7.19\/masterprom\/wp-json\/wp\/v2\/product\/15475","targetHints":{"allow":["GET"]}}],"collection":[{"href":"http:\/\/119.8.7.19\/masterprom\/wp-json\/wp\/v2\/product"}],"about":[{"href":"http:\/\/119.8.7.19\/masterprom\/wp-json\/wp\/v2\/types\/product"}],"replies":[{"embeddable":true,"href":"http:\/\/119.8.7.19\/masterprom\/wp-json\/wp\/v2\/comments?post=15475"}],"wp:attachment":[{"href":"http:\/\/119.8.7.19\/masterprom\/wp-json\/wp\/v2\/media?parent=15475"}],"curies":[{"name":"wp","href":"https:\/\/api.w.org\/{rel}","templated":true}]}}