{"id":15465,"date":"2021-04-06T19:31:26","date_gmt":"2021-04-07T00:31:26","guid":{"rendered":"http:\/\/119.8.7.19\/masterprom\/producto\/hl-2010\/"},"modified":"2021-04-06T19:31:28","modified_gmt":"2021-04-07T00:31:28","slug":"hl-2010","status":"publish","type":"product","link":"http:\/\/119.8.7.19\/masterprom\/producto\/hl-2010\/","title":{"rendered":"HL-2010"},"content":{"rendered":"<p>Libreta green planet (50 hojas de raya. incluye bol\u00edgrafo ecol\u00f3gico de cart\u00f3n reciclado.) Carton con esppoiral metalico y papel reciclado<\/p>\n","protected":false},"excerpt":{"rendered":"<p>Libreta green planet (50 hojas de raya. incluye bol\u00edgrafo ecol\u00f3gico de cart\u00f3n reciclado.) Carton con esppoiral metalico y papel reciclado<\/p>\n","protected":false},"featured_media":0,"comment_status":"closed","ping_status":"open","template":"","meta":[],"class_list":["post-15465","product","type-product","status-publish","hentry","product_cat-articulos-de-oficina","product_cat-libretas","product_tag-promoopcion"],"_links":{"self":[{"href":"http:\/\/119.8.7.19\/masterprom\/wp-json\/wp\/v2\/product\/15465","targetHints":{"allow":["GET"]}}],"collection":[{"href":"http:\/\/119.8.7.19\/masterprom\/wp-json\/wp\/v2\/product"}],"about":[{"href":"http:\/\/119.8.7.19\/masterprom\/wp-json\/wp\/v2\/types\/product"}],"replies":[{"embeddable":true,"href":"http:\/\/119.8.7.19\/masterprom\/wp-json\/wp\/v2\/comments?post=15465"}],"wp:attachment":[{"href":"http:\/\/119.8.7.19\/masterprom\/wp-json\/wp\/v2\/media?parent=15465"}],"curies":[{"name":"wp","href":"https:\/\/api.w.org\/{rel}","templated":true}]}}