{"id":15461,"date":"2021-04-06T19:31:26","date_gmt":"2021-04-07T00:31:26","guid":{"rendered":"http:\/\/119.8.7.19\/masterprom\/producto\/hl-170\/"},"modified":"2021-04-06T19:31:27","modified_gmt":"2021-04-07T00:31:27","slug":"hl-170","status":"publish","type":"product","link":"http:\/\/119.8.7.19\/masterprom\/producto\/hl-170\/","title":{"rendered":"HL-170"},"content":{"rendered":"<p>Libreta doctor (100 hojas de raya. con el\u00e1stico para bol\u00edgrafo. no incluye bol\u00edgrafo.)<\/p>\n","protected":false},"excerpt":{"rendered":"<p>Libreta doctor (100 hojas de raya. con el\u00e1stico para bol\u00edgrafo. no incluye bol\u00edgrafo.)<\/p>\n","protected":false},"featured_media":0,"comment_status":"closed","ping_status":"open","template":"","meta":[],"class_list":["post-15461","product","type-product","status-publish","hentry","product_cat-articulos-de-oficina","product_cat-libretas","product_tag-promoopcion"],"_links":{"self":[{"href":"http:\/\/119.8.7.19\/masterprom\/wp-json\/wp\/v2\/product\/15461","targetHints":{"allow":["GET"]}}],"collection":[{"href":"http:\/\/119.8.7.19\/masterprom\/wp-json\/wp\/v2\/product"}],"about":[{"href":"http:\/\/119.8.7.19\/masterprom\/wp-json\/wp\/v2\/types\/product"}],"replies":[{"embeddable":true,"href":"http:\/\/119.8.7.19\/masterprom\/wp-json\/wp\/v2\/comments?post=15461"}],"wp:attachment":[{"href":"http:\/\/119.8.7.19\/masterprom\/wp-json\/wp\/v2\/media?parent=15461"}],"curies":[{"name":"wp","href":"https:\/\/api.w.org\/{rel}","templated":true}]}}