{"id":15456,"date":"2021-04-06T19:31:26","date_gmt":"2021-04-07T00:31:26","guid":{"rendered":"http:\/\/119.8.7.19\/masterprom\/producto\/hl-120\/"},"modified":"2021-04-06T19:31:27","modified_gmt":"2021-04-07T00:31:27","slug":"hl-120","status":"publish","type":"product","link":"http:\/\/119.8.7.19\/masterprom\/producto\/hl-120\/","title":{"rendered":"HL-120"},"content":{"rendered":"<p>Libreta savoia (70 hojas de raya. incluye notas adheribles, bol\u00edgrafo ecol\u00f3gico, compartimento para tarjetas y espiral met\u00e1lico doble.)<\/p>\n","protected":false},"excerpt":{"rendered":"<p>Libreta savoia (70 hojas de raya. incluye notas adheribles, bol\u00edgrafo ecol\u00f3gico, compartimento para tarjetas y espiral met\u00e1lico doble.)<\/p>\n","protected":false},"featured_media":0,"comment_status":"closed","ping_status":"open","template":"","meta":[],"class_list":["post-15456","product","type-product","status-publish","hentry","product_cat-articulos-de-oficina","product_cat-libretas","product_tag-promoopcion"],"_links":{"self":[{"href":"http:\/\/119.8.7.19\/masterprom\/wp-json\/wp\/v2\/product\/15456","targetHints":{"allow":["GET"]}}],"collection":[{"href":"http:\/\/119.8.7.19\/masterprom\/wp-json\/wp\/v2\/product"}],"about":[{"href":"http:\/\/119.8.7.19\/masterprom\/wp-json\/wp\/v2\/types\/product"}],"replies":[{"embeddable":true,"href":"http:\/\/119.8.7.19\/masterprom\/wp-json\/wp\/v2\/comments?post=15456"}],"wp:attachment":[{"href":"http:\/\/119.8.7.19\/masterprom\/wp-json\/wp\/v2\/media?parent=15456"}],"curies":[{"name":"wp","href":"https:\/\/api.w.org\/{rel}","templated":true}]}}