{"id":15447,"date":"2021-04-06T19:31:24","date_gmt":"2021-04-07T00:31:24","guid":{"rendered":"http:\/\/119.8.7.19\/masterprom\/producto\/of61149\/"},"modified":"2021-04-06T19:31:26","modified_gmt":"2021-04-07T00:31:26","slug":"of61149","status":"publish","type":"product","link":"http:\/\/119.8.7.19\/masterprom\/producto\/of61149\/","title":{"rendered":"OF61149"},"content":{"rendered":"<p>Libreta executive grande journalbook, Arillo para bol\u00edgrafo, el\u00e1stico. Separador de list\u00f3n. Incluye 72 hojas de papel. No incluye bol\u00edgrafo.<\/p>\n","protected":false},"excerpt":{"rendered":"<p>Libreta executive grande journalbook, Arillo para bol\u00edgrafo, el\u00e1stico. Separador de list\u00f3n. Incluye 72 hojas de papel. No incluye bol\u00edgrafo.<\/p>\n","protected":false},"featured_media":0,"comment_status":"closed","ping_status":"open","template":"","meta":[],"class_list":["post-15447","product","type-product","status-publish","hentry","product_cat-articulos-de-oficina","product_cat-libretas","product_tag-promoline"],"_links":{"self":[{"href":"http:\/\/119.8.7.19\/masterprom\/wp-json\/wp\/v2\/product\/15447","targetHints":{"allow":["GET"]}}],"collection":[{"href":"http:\/\/119.8.7.19\/masterprom\/wp-json\/wp\/v2\/product"}],"about":[{"href":"http:\/\/119.8.7.19\/masterprom\/wp-json\/wp\/v2\/types\/product"}],"replies":[{"embeddable":true,"href":"http:\/\/119.8.7.19\/masterprom\/wp-json\/wp\/v2\/comments?post=15447"}],"wp:attachment":[{"href":"http:\/\/119.8.7.19\/masterprom\/wp-json\/wp\/v2\/media?parent=15447"}],"curies":[{"name":"wp","href":"https:\/\/api.w.org\/{rel}","templated":true}]}}