{"id":15445,"date":"2021-04-06T19:31:24","date_gmt":"2021-04-07T00:31:24","guid":{"rendered":"http:\/\/119.8.7.19\/masterprom\/producto\/of31017\/"},"modified":"2021-04-06T19:31:25","modified_gmt":"2021-04-07T00:31:25","slug":"of31017","status":"publish","type":"product","link":"http:\/\/119.8.7.19\/masterprom\/producto\/of31017\/","title":{"rendered":"OF31017"},"content":{"rendered":"<p>Libreta pocket pedova journalbooo, arillo de bol\u00edgrafo, el\u00e1stico. Cierre de el\u00e1stico integrado. Tapa cosida. Separador de list\u00f3n que corresponde con el color de la tapa. Bolsillo de acorde\u00f3n expandible. Incluye 80 hojas de papel. No incluye bol\u00edgrafo.<\/p>\n","protected":false},"excerpt":{"rendered":"<p>Libreta pocket pedova journalbooo, arillo de bol\u00edgrafo, el\u00e1stico. Cierre de el\u00e1stico integrado. Tapa cosida. Separador de list\u00f3n que corresponde con el color de la tapa. Bolsillo de acorde\u00f3n expandible. Incluye 80 hojas de papel. No incluye bol\u00edgrafo.<\/p>\n","protected":false},"featured_media":0,"comment_status":"closed","ping_status":"open","template":"","meta":[],"class_list":["post-15445","product","type-product","status-publish","hentry","product_cat-articulos-de-oficina","product_cat-libretas","product_tag-promoline"],"_links":{"self":[{"href":"http:\/\/119.8.7.19\/masterprom\/wp-json\/wp\/v2\/product\/15445","targetHints":{"allow":["GET"]}}],"collection":[{"href":"http:\/\/119.8.7.19\/masterprom\/wp-json\/wp\/v2\/product"}],"about":[{"href":"http:\/\/119.8.7.19\/masterprom\/wp-json\/wp\/v2\/types\/product"}],"replies":[{"embeddable":true,"href":"http:\/\/119.8.7.19\/masterprom\/wp-json\/wp\/v2\/comments?post=15445"}],"wp:attachment":[{"href":"http:\/\/119.8.7.19\/masterprom\/wp-json\/wp\/v2\/media?parent=15445"}],"curies":[{"name":"wp","href":"https:\/\/api.w.org\/{rel}","templated":true}]}}