{"id":15440,"date":"2021-04-06T19:31:24","date_gmt":"2021-04-07T00:31:24","guid":{"rendered":"http:\/\/119.8.7.19\/masterprom\/producto\/esc-303boy\/"},"modified":"2021-04-06T19:31:25","modified_gmt":"2021-04-07T00:31:25","slug":"esc-303boy","status":"publish","type":"product","link":"http:\/\/119.8.7.19\/masterprom\/producto\/esc-303boy\/","title":{"rendered":"ESC 303BOY"},"content":{"rendered":"<p>Libreta Funny Ni\u00f1o Libreta con hojas rayadas y bol\u00edgrafo.  Car\u00e1tula: 18 x 13 cm. | Bol\u00edgrafo: 14 x 1 cm.<\/p>\n","protected":false},"excerpt":{"rendered":"<p>Libreta Funny Ni\u00f1o Libreta con hojas rayadas y bol\u00edgrafo.  Car\u00e1tula: 18 x 13 cm. | Bol\u00edgrafo: 14 x 1 cm.<\/p>\n","protected":false},"featured_media":0,"comment_status":"closed","ping_status":"open","template":"","meta":[],"class_list":["post-15440","product","type-product","status-publish","hentry","product_cat-articulos-de-oficina","product_cat-libretas","product_tag-impressline"],"_links":{"self":[{"href":"http:\/\/119.8.7.19\/masterprom\/wp-json\/wp\/v2\/product\/15440","targetHints":{"allow":["GET"]}}],"collection":[{"href":"http:\/\/119.8.7.19\/masterprom\/wp-json\/wp\/v2\/product"}],"about":[{"href":"http:\/\/119.8.7.19\/masterprom\/wp-json\/wp\/v2\/types\/product"}],"replies":[{"embeddable":true,"href":"http:\/\/119.8.7.19\/masterprom\/wp-json\/wp\/v2\/comments?post=15440"}],"wp:attachment":[{"href":"http:\/\/119.8.7.19\/masterprom\/wp-json\/wp\/v2\/media?parent=15440"}],"curies":[{"name":"wp","href":"https:\/\/api.w.org\/{rel}","templated":true}]}}