{"id":15436,"date":"2021-04-06T19:31:24","date_gmt":"2021-04-07T00:31:24","guid":{"rendered":"http:\/\/119.8.7.19\/masterprom\/producto\/esc-530\/"},"modified":"2021-04-06T19:31:24","modified_gmt":"2021-04-07T00:31:24","slug":"esc-530","status":"publish","type":"product","link":"http:\/\/119.8.7.19\/masterprom\/producto\/esc-530\/","title":{"rendered":"ESC 530"},"content":{"rendered":"<p>Libreta L\u00faxor Funciones: Cierre magn\u00e9tico, pr\u00e1ctico porta-bol\u00edgrafo y porta-tarjetero al frente<\/p>\n","protected":false},"excerpt":{"rendered":"<p>Libreta L\u00faxor Funciones: Cierre magn\u00e9tico, pr\u00e1ctico porta-bol\u00edgrafo y porta-tarjetero al frente<\/p>\n","protected":false},"featured_media":0,"comment_status":"closed","ping_status":"open","template":"","meta":[],"class_list":["post-15436","product","type-product","status-publish","hentry","product_cat-articulos-de-oficina","product_cat-libretas","product_tag-impressline"],"_links":{"self":[{"href":"http:\/\/119.8.7.19\/masterprom\/wp-json\/wp\/v2\/product\/15436","targetHints":{"allow":["GET"]}}],"collection":[{"href":"http:\/\/119.8.7.19\/masterprom\/wp-json\/wp\/v2\/product"}],"about":[{"href":"http:\/\/119.8.7.19\/masterprom\/wp-json\/wp\/v2\/types\/product"}],"replies":[{"embeddable":true,"href":"http:\/\/119.8.7.19\/masterprom\/wp-json\/wp\/v2\/comments?post=15436"}],"wp:attachment":[{"href":"http:\/\/119.8.7.19\/masterprom\/wp-json\/wp\/v2\/media?parent=15436"}],"curies":[{"name":"wp","href":"https:\/\/api.w.org\/{rel}","templated":true}]}}