{"id":15432,"date":"2021-04-06T19:31:24","date_gmt":"2021-04-07T00:31:24","guid":{"rendered":"http:\/\/119.8.7.19\/masterprom\/producto\/lib-lok\/"},"modified":"2021-04-06T19:31:24","modified_gmt":"2021-04-07T00:31:24","slug":"lib-lok","status":"publish","type":"product","link":"http:\/\/119.8.7.19\/masterprom\/producto\/lib-lok\/","title":{"rendered":"LIB-LOK"},"content":{"rendered":"<p>Libreta 80 Hojas Raya, papel \u00f3ptico Silky con certificaci\u00f3n FSC (Proveniente de bosques sustentables) Cubierta bicolor (PU + Tela). Cierre con broche met\u00e1lico con la marca visible en el canto. Pegada y cosida.<\/p>\n","protected":false},"excerpt":{"rendered":"<p>Libreta 80 Hojas Raya, papel \u00f3ptico Silky con certificaci\u00f3n FSC (Proveniente de bosques sustentables) Cubierta bicolor (PU + Tela). Cierre con broche met\u00e1lico con la marca visible en el canto. Pegada y cosida.<\/p>\n","protected":false},"featured_media":0,"comment_status":"closed","ping_status":"open","template":"","meta":[],"class_list":["post-15432","product","type-product","status-publish","hentry","product_cat-articulos-de-oficina","product_cat-libretas","product_tag-g4"],"_links":{"self":[{"href":"http:\/\/119.8.7.19\/masterprom\/wp-json\/wp\/v2\/product\/15432","targetHints":{"allow":["GET"]}}],"collection":[{"href":"http:\/\/119.8.7.19\/masterprom\/wp-json\/wp\/v2\/product"}],"about":[{"href":"http:\/\/119.8.7.19\/masterprom\/wp-json\/wp\/v2\/types\/product"}],"replies":[{"embeddable":true,"href":"http:\/\/119.8.7.19\/masterprom\/wp-json\/wp\/v2\/comments?post=15432"}],"wp:attachment":[{"href":"http:\/\/119.8.7.19\/masterprom\/wp-json\/wp\/v2\/media?parent=15432"}],"curies":[{"name":"wp","href":"https:\/\/api.w.org\/{rel}","templated":true}]}}