{"id":15424,"date":"2021-04-06T19:31:21","date_gmt":"2021-04-07T00:31:21","guid":{"rendered":"http:\/\/119.8.7.19\/masterprom\/producto\/lib-por\/"},"modified":"2021-04-06T19:31:23","modified_gmt":"2021-04-07T00:31:23","slug":"lib-por","status":"publish","type":"product","link":"http:\/\/119.8.7.19\/masterprom\/producto\/lib-por\/","title":{"rendered":"LIB-POR"},"content":{"rendered":"<p>Libreta Doble espiral blanco. 100 Hojas Raya. Papel con certificaci\u00f3n FSC (Proveniente de bosques sustentables) Cubierta de pl\u00e1stico. Suaje interno para bol\u00edgrafo (no incluido). 2ble espacio para tarjetas, notas adhesivas amarillas en 2 tama\u00f1os, separadores adhesivos colores varios. Cierre con broche.<\/p>\n","protected":false},"excerpt":{"rendered":"<p>Libreta Doble espiral blanco. 100 Hojas Raya. Papel con certificaci\u00f3n FSC (Proveniente de bosques sustentables) Cubierta de pl\u00e1stico. Suaje interno para bol\u00edgrafo (no incluido). 2ble espacio para tarjetas, notas adhesivas amarillas en 2 tama\u00f1os, separadores adhesivos colores varios. Cierre con broche.<\/p>\n","protected":false},"featured_media":0,"comment_status":"closed","ping_status":"open","template":"","meta":[],"class_list":["post-15424","product","type-product","status-publish","hentry","product_cat-articulos-de-oficina","product_cat-libretas","product_tag-g4"],"_links":{"self":[{"href":"http:\/\/119.8.7.19\/masterprom\/wp-json\/wp\/v2\/product\/15424","targetHints":{"allow":["GET"]}}],"collection":[{"href":"http:\/\/119.8.7.19\/masterprom\/wp-json\/wp\/v2\/product"}],"about":[{"href":"http:\/\/119.8.7.19\/masterprom\/wp-json\/wp\/v2\/types\/product"}],"replies":[{"embeddable":true,"href":"http:\/\/119.8.7.19\/masterprom\/wp-json\/wp\/v2\/comments?post=15424"}],"wp:attachment":[{"href":"http:\/\/119.8.7.19\/masterprom\/wp-json\/wp\/v2\/media?parent=15424"}],"curies":[{"name":"wp","href":"https:\/\/api.w.org\/{rel}","templated":true}]}}