{"id":15416,"date":"2021-04-06T19:31:21","date_gmt":"2021-04-07T00:31:21","guid":{"rendered":"http:\/\/119.8.7.19\/masterprom\/producto\/lib-mne\/"},"modified":"2021-04-06T19:31:22","modified_gmt":"2021-04-07T00:31:22","slug":"lib-mne","status":"publish","type":"product","link":"http:\/\/119.8.7.19\/masterprom\/producto\/lib-mne\/","title":{"rendered":"LIB-MNE"},"content":{"rendered":"<p>Libreta Japonesa tama\u00f1o A5. 80 Hojas Raya de 80 g. Cubierta de pl\u00e1stico negro. Papel ultra suave con micro perforaci\u00f3n para poder desprender las hojas de manera uniforme. Espacio entre l\u00edneas de<br \/>\n7mm. Informaci\u00f3n f\u00e1cil de organizar con l\u00edneas continuas que dividen la hoja en tres. Wire-o met\u00e1lico negro<\/p>\n","protected":false},"excerpt":{"rendered":"<p>Libreta Japonesa tama\u00f1o A5. 80 Hojas Raya de 80 g. Cubierta de pl\u00e1stico negro. Papel ultra suave con micro perforaci\u00f3n para poder desprender las hojas de manera uniforme. Espacio entre l\u00edneas de<br \/>\n7mm. Informaci\u00f3n f\u00e1cil de organizar con l\u00edneas continuas que dividen la hoja en tres. Wire-o met\u00e1lico negro<\/p>\n","protected":false},"featured_media":0,"comment_status":"closed","ping_status":"open","template":"","meta":[],"class_list":["post-15416","product","type-product","status-publish","hentry","product_cat-articulos-de-oficina","product_cat-libretas","product_tag-g4"],"_links":{"self":[{"href":"http:\/\/119.8.7.19\/masterprom\/wp-json\/wp\/v2\/product\/15416","targetHints":{"allow":["GET"]}}],"collection":[{"href":"http:\/\/119.8.7.19\/masterprom\/wp-json\/wp\/v2\/product"}],"about":[{"href":"http:\/\/119.8.7.19\/masterprom\/wp-json\/wp\/v2\/types\/product"}],"replies":[{"embeddable":true,"href":"http:\/\/119.8.7.19\/masterprom\/wp-json\/wp\/v2\/comments?post=15416"}],"wp:attachment":[{"href":"http:\/\/119.8.7.19\/masterprom\/wp-json\/wp\/v2\/media?parent=15416"}],"curies":[{"name":"wp","href":"https:\/\/api.w.org\/{rel}","templated":true}]}}