{"id":15415,"date":"2021-04-06T19:31:21","date_gmt":"2021-04-07T00:31:21","guid":{"rendered":"http:\/\/119.8.7.19\/masterprom\/producto\/lib-mkg\/"},"modified":"2021-04-06T19:31:22","modified_gmt":"2021-04-07T00:31:22","slug":"lib-mkg","status":"publish","type":"product","link":"http:\/\/119.8.7.19\/masterprom\/producto\/lib-mkg\/","title":{"rendered":"LIB-MKG"},"content":{"rendered":"<p>Libreta Japonesa tama\u00f1o B5. 80 Hojas Raya de 70 g. Papel ultrasuave con micro perforaci\u00f3n para poder desprender las hojas de manera uniforme. Espacio entre l\u00edneas de 6.5 mm. Cubierta de cart\u00f3n. Espiral met\u00e1lico<\/p>\n","protected":false},"excerpt":{"rendered":"<p>Libreta Japonesa tama\u00f1o B5. 80 Hojas Raya de 70 g. Papel ultrasuave con micro perforaci\u00f3n para poder desprender las hojas de manera uniforme. Espacio entre l\u00edneas de 6.5 mm. Cubierta de cart\u00f3n. Espiral met\u00e1lico<\/p>\n","protected":false},"featured_media":0,"comment_status":"closed","ping_status":"open","template":"","meta":[],"class_list":["post-15415","product","type-product","status-publish","hentry","product_cat-articulos-de-oficina","product_cat-libretas","product_tag-g4"],"_links":{"self":[{"href":"http:\/\/119.8.7.19\/masterprom\/wp-json\/wp\/v2\/product\/15415","targetHints":{"allow":["GET"]}}],"collection":[{"href":"http:\/\/119.8.7.19\/masterprom\/wp-json\/wp\/v2\/product"}],"about":[{"href":"http:\/\/119.8.7.19\/masterprom\/wp-json\/wp\/v2\/types\/product"}],"replies":[{"embeddable":true,"href":"http:\/\/119.8.7.19\/masterprom\/wp-json\/wp\/v2\/comments?post=15415"}],"wp:attachment":[{"href":"http:\/\/119.8.7.19\/masterprom\/wp-json\/wp\/v2\/media?parent=15415"}],"curies":[{"name":"wp","href":"https:\/\/api.w.org\/{rel}","templated":true}]}}