{"id":15406,"date":"2021-04-06T19:31:18","date_gmt":"2021-04-07T00:31:18","guid":{"rendered":"http:\/\/119.8.7.19\/masterprom\/producto\/a2100\/"},"modified":"2021-04-06T19:31:20","modified_gmt":"2021-04-07T00:31:20","slug":"a2100","status":"publish","type":"product","link":"http:\/\/119.8.7.19\/masterprom\/producto\/a2100\/","title":{"rendered":"A2100"},"content":{"rendered":"<p>Libreta ecol\u00f3gica con espiral met\u00e1lico, broche magn\u00e9tico y protector de externos. Incluye 5 bandas adhesivas en colores diferentes y blocks de notas rectangulares en 2 tama\u00f1os. 70 Hojas rayadas y bol\u00edgrafo de papel con sujetador pl\u00e1stico<\/p>\n","protected":false},"excerpt":{"rendered":"<p>Libreta ecol\u00f3gica con espiral met\u00e1lico, broche magn\u00e9tico y protector de externos. Incluye 5 bandas adhesivas en colores diferentes y blocks de notas rectangulares en 2 tama\u00f1os. 70 Hojas rayadas y bol\u00edgrafo de papel con sujetador pl\u00e1stico<\/p>\n","protected":false},"featured_media":0,"comment_status":"closed","ping_status":"open","template":"","meta":[],"class_list":["post-15406","product","type-product","status-publish","hentry","product_cat-articulos-de-oficina","product_cat-libretas","product_tag-winideas"],"_links":{"self":[{"href":"http:\/\/119.8.7.19\/masterprom\/wp-json\/wp\/v2\/product\/15406","targetHints":{"allow":["GET"]}}],"collection":[{"href":"http:\/\/119.8.7.19\/masterprom\/wp-json\/wp\/v2\/product"}],"about":[{"href":"http:\/\/119.8.7.19\/masterprom\/wp-json\/wp\/v2\/types\/product"}],"replies":[{"embeddable":true,"href":"http:\/\/119.8.7.19\/masterprom\/wp-json\/wp\/v2\/comments?post=15406"}],"wp:attachment":[{"href":"http:\/\/119.8.7.19\/masterprom\/wp-json\/wp\/v2\/media?parent=15406"}],"curies":[{"name":"wp","href":"https:\/\/api.w.org\/{rel}","templated":true}]}}