{"id":15402,"date":"2021-04-06T19:31:18","date_gmt":"2021-04-07T00:31:18","guid":{"rendered":"http:\/\/119.8.7.19\/masterprom\/producto\/lib3163\/"},"modified":"2021-04-06T19:31:20","modified_gmt":"2021-04-07T00:31:20","slug":"lib3163","status":"publish","type":"product","link":"http:\/\/119.8.7.19\/masterprom\/producto\/lib3163\/","title":{"rendered":"LIB3163"},"content":{"rendered":"<p>Libreta personal para bit\u00e1cora con 100 hojas rayadas color hueso, cinta el\u00e1stica para sujetar cubierta y separador de list\u00f3n.<\/p>\n","protected":false},"excerpt":{"rendered":"<p>Libreta personal para bit\u00e1cora con 100 hojas rayadas color hueso, cinta el\u00e1stica para sujetar cubierta y separador de list\u00f3n.<\/p>\n","protected":false},"featured_media":0,"comment_status":"closed","ping_status":"open","template":"","meta":[],"class_list":["post-15402","product","type-product","status-publish","hentry","product_cat-articulos-de-oficina","product_cat-libretas","product_tag-winideas"],"_links":{"self":[{"href":"http:\/\/119.8.7.19\/masterprom\/wp-json\/wp\/v2\/product\/15402","targetHints":{"allow":["GET"]}}],"collection":[{"href":"http:\/\/119.8.7.19\/masterprom\/wp-json\/wp\/v2\/product"}],"about":[{"href":"http:\/\/119.8.7.19\/masterprom\/wp-json\/wp\/v2\/types\/product"}],"replies":[{"embeddable":true,"href":"http:\/\/119.8.7.19\/masterprom\/wp-json\/wp\/v2\/comments?post=15402"}],"wp:attachment":[{"href":"http:\/\/119.8.7.19\/masterprom\/wp-json\/wp\/v2\/media?parent=15402"}],"curies":[{"name":"wp","href":"https:\/\/api.w.org\/{rel}","templated":true}]}}