{"id":15401,"date":"2021-04-06T19:31:18","date_gmt":"2021-04-07T00:31:18","guid":{"rendered":"http:\/\/119.8.7.19\/masterprom\/producto\/a2569\/"},"modified":"2021-04-06T19:31:20","modified_gmt":"2021-04-07T00:31:20","slug":"a2569","status":"publish","type":"product","link":"http:\/\/119.8.7.19\/masterprom\/producto\/a2569\/","title":{"rendered":"A2569"},"content":{"rendered":"<p>Libreta vertical A5 de pasta r\u00edgida cubierta de curpiel texturizado. De 80 hojas rayadas (160 p\u00e1ginas). Cuenta con hoja de datos personales. Incluye dos compartimentos en el exterior, uno para bol\u00edgrafo (no incluido) y el otro para smartphone. Separador de list\u00f3n al color de la cubierta.<\/p>\n","protected":false},"excerpt":{"rendered":"<p>Libreta vertical A5 de pasta r\u00edgida cubierta de curpiel texturizado. De 80 hojas rayadas (160 p\u00e1ginas). Cuenta con hoja de datos personales. Incluye dos compartimentos en el exterior, uno para bol\u00edgrafo (no incluido) y el otro para smartphone. Separador de list\u00f3n al color de la cubierta.<\/p>\n","protected":false},"featured_media":0,"comment_status":"closed","ping_status":"open","template":"","meta":[],"class_list":["post-15401","product","type-product","status-publish","hentry","product_cat-articulos-de-oficina","product_cat-libretas","product_tag-winideas"],"_links":{"self":[{"href":"http:\/\/119.8.7.19\/masterprom\/wp-json\/wp\/v2\/product\/15401","targetHints":{"allow":["GET"]}}],"collection":[{"href":"http:\/\/119.8.7.19\/masterprom\/wp-json\/wp\/v2\/product"}],"about":[{"href":"http:\/\/119.8.7.19\/masterprom\/wp-json\/wp\/v2\/types\/product"}],"replies":[{"embeddable":true,"href":"http:\/\/119.8.7.19\/masterprom\/wp-json\/wp\/v2\/comments?post=15401"}],"wp:attachment":[{"href":"http:\/\/119.8.7.19\/masterprom\/wp-json\/wp\/v2\/media?parent=15401"}],"curies":[{"name":"wp","href":"https:\/\/api.w.org\/{rel}","templated":true}]}}