{"id":15400,"date":"2021-04-06T19:31:18","date_gmt":"2021-04-07T00:31:18","guid":{"rendered":"http:\/\/119.8.7.19\/masterprom\/producto\/a2428\/"},"modified":"2021-04-06T19:31:20","modified_gmt":"2021-04-07T00:31:20","slug":"a2428","status":"publish","type":"product","link":"http:\/\/119.8.7.19\/masterprom\/producto\/a2428\/","title":{"rendered":"A2428"},"content":{"rendered":"<p>Agendario personal de 99 hojas (198 p\u00e1ginas). Contiene: hoja de datos personales, calendarios 2018 a 2020, programaci\u00f3n semanal y hojas de notas. Cuenta con compartimentos para credenciales, ventana pl\u00e1stica, separador doble de list\u00f3n y bol\u00edgrafo met\u00e1lico con punta touch, el cual es de mecanismo retr\u00e1ctil y tiene un acabado en esmalte de color. Presentaci\u00f3n: caja blanca con ventana transparente.<\/p>\n","protected":false},"excerpt":{"rendered":"<p>Agendario personal de 99 hojas (198 p\u00e1ginas). Contiene: hoja de datos personales, calendarios 2018 a 2020, programaci\u00f3n semanal y hojas de notas. Cuenta con compartimentos para credenciales, ventana pl\u00e1stica, separador doble de list\u00f3n y bol\u00edgrafo met\u00e1lico con punta touch, el cual es de mecanismo retr\u00e1ctil y tiene un acabado en esmalte de color. Presentaci\u00f3n: caja blanca con ventana transparente.<\/p>\n","protected":false},"featured_media":0,"comment_status":"closed","ping_status":"open","template":"","meta":[],"class_list":["post-15400","product","type-product","status-publish","hentry","product_cat-articulos-de-oficina","product_cat-libretas","product_tag-winideas"],"_links":{"self":[{"href":"http:\/\/119.8.7.19\/masterprom\/wp-json\/wp\/v2\/product\/15400","targetHints":{"allow":["GET"]}}],"collection":[{"href":"http:\/\/119.8.7.19\/masterprom\/wp-json\/wp\/v2\/product"}],"about":[{"href":"http:\/\/119.8.7.19\/masterprom\/wp-json\/wp\/v2\/types\/product"}],"replies":[{"embeddable":true,"href":"http:\/\/119.8.7.19\/masterprom\/wp-json\/wp\/v2\/comments?post=15400"}],"wp:attachment":[{"href":"http:\/\/119.8.7.19\/masterprom\/wp-json\/wp\/v2\/media?parent=15400"}],"curies":[{"name":"wp","href":"https:\/\/api.w.org\/{rel}","templated":true}]}}