{"id":15398,"date":"2021-04-06T19:31:18","date_gmt":"2021-04-07T00:31:18","guid":{"rendered":"http:\/\/119.8.7.19\/masterprom\/producto\/20541\/"},"modified":"2021-04-06T19:31:19","modified_gmt":"2021-04-07T00:31:19","slug":"20541","status":"publish","type":"product","link":"http:\/\/119.8.7.19\/masterprom\/producto\/20541\/","title":{"rendered":"20541"},"content":{"rendered":"<p>Bloc de notas con 30 p\u00e1ginas y secci\u00f3n de notas auto-adhesivas con dise\u00f1o SMILE HANDS (6 colores de hojas marcadoras con 15 hojas cada uno).<\/p>\n","protected":false},"excerpt":{"rendered":"<p>Bloc de notas con 30 p\u00e1ginas y secci\u00f3n de notas auto-adhesivas con dise\u00f1o SMILE HANDS (6 colores de hojas marcadoras con 15 hojas cada uno).<\/p>\n","protected":false},"featured_media":0,"comment_status":"closed","ping_status":"open","template":"","meta":[],"class_list":["post-15398","product","type-product","status-publish","hentry","product_cat-articulos-de-oficina","product_cat-libretas","product_tag-macma"],"_links":{"self":[{"href":"http:\/\/119.8.7.19\/masterprom\/wp-json\/wp\/v2\/product\/15398","targetHints":{"allow":["GET"]}}],"collection":[{"href":"http:\/\/119.8.7.19\/masterprom\/wp-json\/wp\/v2\/product"}],"about":[{"href":"http:\/\/119.8.7.19\/masterprom\/wp-json\/wp\/v2\/types\/product"}],"replies":[{"embeddable":true,"href":"http:\/\/119.8.7.19\/masterprom\/wp-json\/wp\/v2\/comments?post=15398"}],"wp:attachment":[{"href":"http:\/\/119.8.7.19\/masterprom\/wp-json\/wp\/v2\/media?parent=15398"}],"curies":[{"name":"wp","href":"https:\/\/api.w.org\/{rel}","templated":true}]}}