{"id":15374,"date":"2021-04-06T19:31:16","date_gmt":"2021-04-07T00:31:16","guid":{"rendered":"http:\/\/119.8.7.19\/masterprom\/producto\/le-002\/"},"modified":"2021-04-06T19:31:16","modified_gmt":"2021-04-07T00:31:16","slug":"le-002","status":"publish","type":"product","link":"http:\/\/119.8.7.19\/masterprom\/producto\/le-002\/","title":{"rendered":"LE 002"},"content":{"rendered":"<p>Libreta ecol\u00f3gica de cart\u00f3n con espiral, incluye cuatro lineas de banderas adhesivas y dos blocks de notas rectangular y cuadrado, sobre ranura porta tarjetas, 70 hojas rayadas y bol\u00edgrafo ecol\u00f3gico de cart\u00f3n reciclado.<\/p>\n","protected":false},"excerpt":{"rendered":"<p>Libreta ecol\u00f3gica de cart\u00f3n con espiral, incluye cuatro lineas de banderas adhesivas y dos blocks de notas rectangular y cuadrado, sobre ranura porta tarjetas, 70 hojas rayadas y bol\u00edgrafo ecol\u00f3gico de cart\u00f3n reciclado.<\/p>\n","protected":false},"featured_media":0,"comment_status":"closed","ping_status":"open","template":"","meta":[],"class_list":["post-15374","product","type-product","status-publish","hentry","product_cat-articulos-de-oficina","product_cat-libretas","product_tag-4promotional"],"_links":{"self":[{"href":"http:\/\/119.8.7.19\/masterprom\/wp-json\/wp\/v2\/product\/15374","targetHints":{"allow":["GET"]}}],"collection":[{"href":"http:\/\/119.8.7.19\/masterprom\/wp-json\/wp\/v2\/product"}],"about":[{"href":"http:\/\/119.8.7.19\/masterprom\/wp-json\/wp\/v2\/types\/product"}],"replies":[{"embeddable":true,"href":"http:\/\/119.8.7.19\/masterprom\/wp-json\/wp\/v2\/comments?post=15374"}],"wp:attachment":[{"href":"http:\/\/119.8.7.19\/masterprom\/wp-json\/wp\/v2\/media?parent=15374"}],"curies":[{"name":"wp","href":"https:\/\/api.w.org\/{rel}","templated":true}]}}