{"id":15321,"date":"2021-04-02T08:27:39","date_gmt":"2021-04-02T14:27:39","guid":{"rendered":"http:\/\/119.8.7.19\/masterprom\/producto\/spo-008\/"},"modified":"2021-04-02T08:27:41","modified_gmt":"2021-04-02T14:27:41","slug":"spo-008","status":"publish","type":"product","link":"http:\/\/119.8.7.19\/masterprom\/producto\/spo-008\/","title":{"rendered":"SPO-008"},"content":{"rendered":"<p>Mini bal\u00f3n de f\u00fatbol americano (c\u00e1mara de l\u00e1tex natural centrifugado. peso 90 gr. nivel m\u00e1ximo de presi\u00f3n 2-3 libras.)\t  No. 2<\/p>\n","protected":false},"excerpt":{"rendered":"<p>Mini bal\u00f3n de f\u00fatbol americano (c\u00e1mara de l\u00e1tex natural centrifugado. peso 90 gr. nivel m\u00e1ximo de presi\u00f3n 2-3 libras.)\t  No. 2<\/p>\n","protected":false},"featured_media":0,"comment_status":"closed","ping_status":"open","template":"","meta":[],"class_list":["post-15321","product","type-product","status-publish","hentry","product_cat-infantiles","product_tag-promoopcion"],"_links":{"self":[{"href":"http:\/\/119.8.7.19\/masterprom\/wp-json\/wp\/v2\/product\/15321","targetHints":{"allow":["GET"]}}],"collection":[{"href":"http:\/\/119.8.7.19\/masterprom\/wp-json\/wp\/v2\/product"}],"about":[{"href":"http:\/\/119.8.7.19\/masterprom\/wp-json\/wp\/v2\/types\/product"}],"replies":[{"embeddable":true,"href":"http:\/\/119.8.7.19\/masterprom\/wp-json\/wp\/v2\/comments?post=15321"}],"wp:attachment":[{"href":"http:\/\/119.8.7.19\/masterprom\/wp-json\/wp\/v2\/media?parent=15321"}],"curies":[{"name":"wp","href":"https:\/\/api.w.org\/{rel}","templated":true}]}}