{"id":15320,"date":"2021-04-02T08:27:39","date_gmt":"2021-04-02T14:27:39","guid":{"rendered":"http:\/\/119.8.7.19\/masterprom\/producto\/soc-600\/"},"modified":"2021-04-02T08:27:41","modified_gmt":"2021-04-02T14:27:41","slug":"soc-600","status":"publish","type":"product","link":"http:\/\/119.8.7.19\/masterprom\/producto\/soc-600\/","title":{"rendered":"SOC-600"},"content":{"rendered":"<p>No. 2 Bal\u00f3n kot (c\u00e1mara blader rubber, 6 gajos. peso 420 gr. cosido a m\u00e1quina. 3 capas. nivel m\u00e1ximo de presi\u00f3n 6-8 libras.)  No. 5<\/p>\n","protected":false},"excerpt":{"rendered":"<p>No. 2 Bal\u00f3n kot (c\u00e1mara blader rubber, 6 gajos. peso 420 gr. cosido a m\u00e1quina. 3 capas. nivel m\u00e1ximo de presi\u00f3n 6-8 libras.)  No. 5<\/p>\n","protected":false},"featured_media":0,"comment_status":"closed","ping_status":"open","template":"","meta":[],"class_list":["post-15320","product","type-product","status-publish","hentry","product_cat-infantiles","product_tag-promoopcion"],"_links":{"self":[{"href":"http:\/\/119.8.7.19\/masterprom\/wp-json\/wp\/v2\/product\/15320","targetHints":{"allow":["GET"]}}],"collection":[{"href":"http:\/\/119.8.7.19\/masterprom\/wp-json\/wp\/v2\/product"}],"about":[{"href":"http:\/\/119.8.7.19\/masterprom\/wp-json\/wp\/v2\/types\/product"}],"replies":[{"embeddable":true,"href":"http:\/\/119.8.7.19\/masterprom\/wp-json\/wp\/v2\/comments?post=15320"}],"wp:attachment":[{"href":"http:\/\/119.8.7.19\/masterprom\/wp-json\/wp\/v2\/media?parent=15320"}],"curies":[{"name":"wp","href":"https:\/\/api.w.org\/{rel}","templated":true}]}}