{"id":15319,"date":"2021-04-02T08:27:39","date_gmt":"2021-04-02T14:27:39","guid":{"rendered":"http:\/\/119.8.7.19\/masterprom\/producto\/soc-500\/"},"modified":"2021-04-06T17:49:10","modified_gmt":"2021-04-06T22:49:10","slug":"soc-500","status":"publish","type":"product","link":"http:\/\/119.8.7.19\/masterprom\/producto\/soc-500\/","title":{"rendered":"SOC-500"},"content":{"rendered":"<p>Bal\u00f3n premier (c\u00e1mara blader rubber, 30-32 gajos. peso 380 gr. cosido a m\u00e1quina. 3 capas. nivel m\u00e1ximo de presi\u00f3n 6-8 libras.) No. 5<\/p>\n","protected":false},"excerpt":{"rendered":"<p>Bal\u00f3n premier (c\u00e1mara blader rubber, 30-32 gajos. peso 380 gr. cosido a m\u00e1quina. 3 capas. nivel m\u00e1ximo de presi\u00f3n 6-8 libras.) No. 5<\/p>\n","protected":false},"featured_media":0,"comment_status":"closed","ping_status":"closed","template":"","meta":[],"class_list":["post-15319","product","type-product","status-publish","hentry","product_cat-infantiles","product_tag-promoopcion"],"_links":{"self":[{"href":"http:\/\/119.8.7.19\/masterprom\/wp-json\/wp\/v2\/product\/15319","targetHints":{"allow":["GET"]}}],"collection":[{"href":"http:\/\/119.8.7.19\/masterprom\/wp-json\/wp\/v2\/product"}],"about":[{"href":"http:\/\/119.8.7.19\/masterprom\/wp-json\/wp\/v2\/types\/product"}],"replies":[{"embeddable":true,"href":"http:\/\/119.8.7.19\/masterprom\/wp-json\/wp\/v2\/comments?post=15319"}],"wp:attachment":[{"href":"http:\/\/119.8.7.19\/masterprom\/wp-json\/wp\/v2\/media?parent=15319"}],"curies":[{"name":"wp","href":"https:\/\/api.w.org\/{rel}","templated":true}]}}