{"id":15304,"date":"2021-04-02T08:27:36","date_gmt":"2021-04-02T14:27:36","guid":{"rendered":"http:\/\/119.8.7.19\/masterprom\/producto\/gm-050\/"},"modified":"2021-04-02T08:27:38","modified_gmt":"2021-04-02T14:27:38","slug":"gm-050","status":"publish","type":"product","link":"http:\/\/119.8.7.19\/masterprom\/producto\/gm-050\/","title":{"rendered":"GM-050"},"content":{"rendered":"<p>Avi\u00f3n armable (avi\u00f3n armable blanco con ventanas grises y punta de pl\u00e1stico.)<\/p>\n","protected":false},"excerpt":{"rendered":"<p>Avi\u00f3n armable (avi\u00f3n armable blanco con ventanas grises y punta de pl\u00e1stico.)<\/p>\n","protected":false},"featured_media":0,"comment_status":"closed","ping_status":"open","template":"","meta":[],"class_list":["post-15304","product","type-product","status-publish","hentry","product_cat-infantiles","product_tag-promoopcion"],"_links":{"self":[{"href":"http:\/\/119.8.7.19\/masterprom\/wp-json\/wp\/v2\/product\/15304","targetHints":{"allow":["GET"]}}],"collection":[{"href":"http:\/\/119.8.7.19\/masterprom\/wp-json\/wp\/v2\/product"}],"about":[{"href":"http:\/\/119.8.7.19\/masterprom\/wp-json\/wp\/v2\/types\/product"}],"replies":[{"embeddable":true,"href":"http:\/\/119.8.7.19\/masterprom\/wp-json\/wp\/v2\/comments?post=15304"}],"wp:attachment":[{"href":"http:\/\/119.8.7.19\/masterprom\/wp-json\/wp\/v2\/media?parent=15304"}],"curies":[{"name":"wp","href":"https:\/\/api.w.org\/{rel}","templated":true}]}}