{"id":15287,"date":"2021-04-02T08:27:32","date_gmt":"2021-04-02T14:27:32","guid":{"rendered":"http:\/\/119.8.7.19\/masterprom\/producto\/06-630\/"},"modified":"2021-04-02T08:27:34","modified_gmt":"2021-04-02T14:27:34","slug":"06-630","status":"publish","type":"product","link":"http:\/\/119.8.7.19\/masterprom\/producto\/06-630\/","title":{"rendered":"06-630"},"content":{"rendered":"<p>Corcho &#8211; pintarr\u00f3n con im\u00e1n, plum\u00f3n, corcho y cuatro chinches de color<\/p>\n","protected":false},"excerpt":{"rendered":"<p>Corcho &#8211; pintarr\u00f3n con im\u00e1n, plum\u00f3n, corcho y cuatro chinches de color<\/p>\n","protected":false},"featured_media":0,"comment_status":"closed","ping_status":"open","template":"","meta":[],"class_list":["post-15287","product","type-product","status-publish","hentry","product_cat-infantiles","product_tag-blestar"],"_links":{"self":[{"href":"http:\/\/119.8.7.19\/masterprom\/wp-json\/wp\/v2\/product\/15287","targetHints":{"allow":["GET"]}}],"collection":[{"href":"http:\/\/119.8.7.19\/masterprom\/wp-json\/wp\/v2\/product"}],"about":[{"href":"http:\/\/119.8.7.19\/masterprom\/wp-json\/wp\/v2\/types\/product"}],"replies":[{"embeddable":true,"href":"http:\/\/119.8.7.19\/masterprom\/wp-json\/wp\/v2\/comments?post=15287"}],"wp:attachment":[{"href":"http:\/\/119.8.7.19\/masterprom\/wp-json\/wp\/v2\/media?parent=15287"}],"curies":[{"name":"wp","href":"https:\/\/api.w.org\/{rel}","templated":true}]}}