{"id":15268,"date":"2021-04-02T08:27:29","date_gmt":"2021-04-02T14:27:29","guid":{"rendered":"http:\/\/119.8.7.19\/masterprom\/producto\/a2223\/"},"modified":"2021-04-02T08:27:31","modified_gmt":"2021-04-02T14:27:31","slug":"a2223","status":"publish","type":"product","link":"http:\/\/119.8.7.19\/masterprom\/producto\/a2223\/","title":{"rendered":"A2223"},"content":{"rendered":"<p>Kit escolar rompecabezas. Contiene: tijeras, regla de 13 cm con lupa, bol\u00edgrafo, notas adhesivas, ligas de hule en colores, clips para papel, sacapuntas con contenedor de residuos, im\u00e1n y mini flex\u00f3metro de 1 m. Todos los elementos tienen distintas formas y figuras geom\u00e9tricas que coinciden para armarse dentro del estuche de pl\u00e1stico cuadrado.<\/p>\n","protected":false},"excerpt":{"rendered":"<p>Kit escolar rompecabezas. Contiene: tijeras, regla de 13 cm con lupa, bol\u00edgrafo, notas adhesivas, ligas de hule en colores, clips para papel, sacapuntas con contenedor de residuos, im\u00e1n y mini flex\u00f3metro de 1 m. Todos los elementos tienen distintas formas y figuras geom\u00e9tricas que coinciden para armarse dentro del estuche de pl\u00e1stico cuadrado.<\/p>\n","protected":false},"featured_media":0,"comment_status":"closed","ping_status":"open","template":"","meta":[],"class_list":["post-15268","product","type-product","status-publish","hentry","product_cat-infantiles","product_tag-winideas"],"_links":{"self":[{"href":"http:\/\/119.8.7.19\/masterprom\/wp-json\/wp\/v2\/product\/15268","targetHints":{"allow":["GET"]}}],"collection":[{"href":"http:\/\/119.8.7.19\/masterprom\/wp-json\/wp\/v2\/product"}],"about":[{"href":"http:\/\/119.8.7.19\/masterprom\/wp-json\/wp\/v2\/types\/product"}],"replies":[{"embeddable":true,"href":"http:\/\/119.8.7.19\/masterprom\/wp-json\/wp\/v2\/comments?post=15268"}],"wp:attachment":[{"href":"http:\/\/119.8.7.19\/masterprom\/wp-json\/wp\/v2\/media?parent=15268"}],"curies":[{"name":"wp","href":"https:\/\/api.w.org\/{rel}","templated":true}]}}