{"id":15267,"date":"2021-04-02T08:27:29","date_gmt":"2021-04-02T14:27:29","guid":{"rendered":"http:\/\/119.8.7.19\/masterprom\/producto\/a2388\/"},"modified":"2021-04-02T08:27:31","modified_gmt":"2021-04-02T14:27:31","slug":"a2388","status":"publish","type":"product","link":"http:\/\/119.8.7.19\/masterprom\/producto\/a2388\/","title":{"rendered":"A2388"},"content":{"rendered":"<p>Estuche de 8 acuarelas no t\u00f3xicas para utilizarse en cart\u00f3n, papel, o tela. Un promocional divertido y educativo. Se diluyen con agua para su aplicaci\u00f3n. Incluye un pincel. Presentaci\u00f3n: caja en color blanco.<\/p>\n","protected":false},"excerpt":{"rendered":"<p>Estuche de 8 acuarelas no t\u00f3xicas para utilizarse en cart\u00f3n, papel, o tela. Un promocional divertido y educativo. Se diluyen con agua para su aplicaci\u00f3n. Incluye un pincel. Presentaci\u00f3n: caja en color blanco.<\/p>\n","protected":false},"featured_media":0,"comment_status":"closed","ping_status":"open","template":"","meta":[],"class_list":["post-15267","product","type-product","status-publish","hentry","product_cat-infantiles","product_tag-winideas"],"_links":{"self":[{"href":"http:\/\/119.8.7.19\/masterprom\/wp-json\/wp\/v2\/product\/15267","targetHints":{"allow":["GET"]}}],"collection":[{"href":"http:\/\/119.8.7.19\/masterprom\/wp-json\/wp\/v2\/product"}],"about":[{"href":"http:\/\/119.8.7.19\/masterprom\/wp-json\/wp\/v2\/types\/product"}],"replies":[{"embeddable":true,"href":"http:\/\/119.8.7.19\/masterprom\/wp-json\/wp\/v2\/comments?post=15267"}],"wp:attachment":[{"href":"http:\/\/119.8.7.19\/masterprom\/wp-json\/wp\/v2\/media?parent=15267"}],"curies":[{"name":"wp","href":"https:\/\/api.w.org\/{rel}","templated":true}]}}