{"id":15266,"date":"2021-04-02T08:27:29","date_gmt":"2021-04-02T14:27:29","guid":{"rendered":"http:\/\/119.8.7.19\/masterprom\/producto\/a2366\/"},"modified":"2021-04-02T08:27:31","modified_gmt":"2021-04-02T14:27:31","slug":"a2366","status":"publish","type":"product","link":"http:\/\/119.8.7.19\/masterprom\/producto\/a2366\/","title":{"rendered":"A2366"},"content":{"rendered":"<p>Cubo elaborado en madera de 7 piezas que incluye formas geom\u00e9tricas en colores vivos. Cada una de ellas se pueden ensamblar o entrar en la figura correspondiente. Una vez adentro se pueden volver a sacar para empezar de nuevo. Un juguete educativo cl\u00e1sico para los ni\u00f1os peque\u00f1os. No t\u00f3xico. Presentaci\u00f3n: caja en color blanco.<\/p>\n","protected":false},"excerpt":{"rendered":"<p>Cubo elaborado en madera de 7 piezas que incluye formas geom\u00e9tricas en colores vivos. Cada una de ellas se pueden ensamblar o entrar en la figura correspondiente. Una vez adentro se pueden volver a sacar para empezar de nuevo. Un juguete educativo cl\u00e1sico para los ni\u00f1os peque\u00f1os. No t\u00f3xico. Presentaci\u00f3n: caja en color blanco.<\/p>\n","protected":false},"featured_media":0,"comment_status":"closed","ping_status":"open","template":"","meta":[],"class_list":["post-15266","product","type-product","status-publish","hentry","product_cat-infantiles","product_tag-winideas"],"_links":{"self":[{"href":"http:\/\/119.8.7.19\/masterprom\/wp-json\/wp\/v2\/product\/15266","targetHints":{"allow":["GET"]}}],"collection":[{"href":"http:\/\/119.8.7.19\/masterprom\/wp-json\/wp\/v2\/product"}],"about":[{"href":"http:\/\/119.8.7.19\/masterprom\/wp-json\/wp\/v2\/types\/product"}],"replies":[{"embeddable":true,"href":"http:\/\/119.8.7.19\/masterprom\/wp-json\/wp\/v2\/comments?post=15266"}],"wp:attachment":[{"href":"http:\/\/119.8.7.19\/masterprom\/wp-json\/wp\/v2\/media?parent=15266"}],"curies":[{"name":"wp","href":"https:\/\/api.w.org\/{rel}","templated":true}]}}