{"id":15265,"date":"2021-04-02T08:27:29","date_gmt":"2021-04-02T14:27:29","guid":{"rendered":"http:\/\/119.8.7.19\/masterprom\/producto\/a2364\/"},"modified":"2021-04-02T08:27:31","modified_gmt":"2021-04-02T14:27:31","slug":"a2364","status":"publish","type":"product","link":"http:\/\/119.8.7.19\/masterprom\/producto\/a2364\/","title":{"rendered":"A2364"},"content":{"rendered":"<p>Rompecabezas de 5 piezas para armar en vivos colores, elaborado en madera con forma de avi\u00f3n. Entretenido, divertido y did\u00e1ctico. No t\u00f3xico. Presentaci\u00f3n: caja en color blanco.<\/p>\n","protected":false},"excerpt":{"rendered":"<p>Rompecabezas de 5 piezas para armar en vivos colores, elaborado en madera con forma de avi\u00f3n. Entretenido, divertido y did\u00e1ctico. No t\u00f3xico. Presentaci\u00f3n: caja en color blanco.<\/p>\n","protected":false},"featured_media":0,"comment_status":"closed","ping_status":"open","template":"","meta":[],"class_list":["post-15265","product","type-product","status-publish","hentry","product_cat-infantiles","product_tag-winideas"],"_links":{"self":[{"href":"http:\/\/119.8.7.19\/masterprom\/wp-json\/wp\/v2\/product\/15265","targetHints":{"allow":["GET"]}}],"collection":[{"href":"http:\/\/119.8.7.19\/masterprom\/wp-json\/wp\/v2\/product"}],"about":[{"href":"http:\/\/119.8.7.19\/masterprom\/wp-json\/wp\/v2\/types\/product"}],"replies":[{"embeddable":true,"href":"http:\/\/119.8.7.19\/masterprom\/wp-json\/wp\/v2\/comments?post=15265"}],"wp:attachment":[{"href":"http:\/\/119.8.7.19\/masterprom\/wp-json\/wp\/v2\/media?parent=15265"}],"curies":[{"name":"wp","href":"https:\/\/api.w.org\/{rel}","templated":true}]}}