{"id":15076,"date":"2021-03-31T01:30:10","date_gmt":"2021-03-31T01:30:10","guid":{"rendered":"http:\/\/119.8.7.19\/masterprom\/?page_id=15076"},"modified":"2021-04-07T22:27:20","modified_gmt":"2021-04-08T03:27:20","slug":"servicios","status":"publish","type":"page","link":"http:\/\/119.8.7.19\/masterprom\/servicios\/","title":{"rendered":"SERVICIOS"},"content":{"rendered":"[vc_row el_class=&#8221;full-width vertical-center&#8221; css=&#8221;.vc_custom_1481093278514{margin-bottom: 0px !important;background-color: #f6f6f6 !important;}&#8221;][vc_column css=&#8221;.vc_custom_1489983395233{margin-right: 0px !important;margin-left: 0px !important;padding-top: 100px !important;padding-right: 50px !important;padding-bottom: 100px !important;padding-left: 50px !important;background-color: #f6f6f6 !important;}&#8221; offset=&#8221;vc_col-lg-6 vc_col-md-12&#8243;][vc_custom_heading text=&#8221;DISE\u00d1O E IMPRESI\u00d3N&#8221; font_container=&#8221;tag:h2|font_size:30|text_align:center|color:%23444444&#8243; google_fonts=&#8221;font_family:Raleway%3A100%2C200%2C300%2Cregular%2C500%2C600%2C700%2C800%2C900|font_style:900%20bold%20regular%3A900%3Anormal&#8221;][vc_column_text css=&#8221;.vc_custom_1617154758863{margin-top: 30px !important;margin-bottom: 30px !important;}&#8221;]\n<p style=\"text-align: center;\">Convencidos de la importancia y el valor de nuestros clientes, otorgamos una atenci\u00f3n personalizada con un servicio de calidad para impulsar su marca e imagen a trav\u00e9s de estrategias integrales, logrando con esto resultados \u00f3ptimos y el reconocimiento de nuestra misi\u00f3n.<\/p>\n[\/vc_column_text][vc_btn title=&#8221;CONT\u00c1CTANOS&gt;&#8221; style=&#8221;outline&#8221; shape=&#8221;square&#8221; color=&#8221;black&#8221; align=&#8221;center&#8221; i_align=&#8221;right&#8221; i_icon_fontawesome=&#8221;&#8221; add_icon=&#8221;true&#8221; link=&#8221;url:%2Fcontacto&#8221;][\/vc_column][vc_column offset=&#8221;vc_col-lg-6 vc_col-md-12&#8243;][vc_single_image image=&#8221;15063&#8243; img_size=&#8221;full&#8221; alignment=&#8221;center&#8221; css=&#8221;.vc_custom_1617154395082{margin-bottom: 0px !important;}&#8221;][\/vc_column][\/vc_row][vc_row css=&#8221;.vc_custom_1617154817470{margin-right: 0px !important;margin-bottom: 0px !important;margin-left: 0px !important;padding-top: 100px !important;padding-right: 0px !important;padding-bottom: 100px !important;padding-left: 0px !important;background-color: #f2b3a9 !important;background-position: center !important;background-repeat: no-repeat !important;background-size: cover !important;}&#8221; el_class=&#8221;our-services&#8221;][vc_column css=&#8221;.vc_custom_1617155046060{background-position: center !important;background-repeat: no-repeat !important;background-size: cover !important;}&#8221;][vc_custom_heading text=&#8221;NUESTROS SERVICIOS&#8221; font_container=&#8221;tag:h2|font_size:30|text_align:center|color:%23ffffff&#8221; google_fonts=&#8221;font_family:Raleway%3A100%2C200%2C300%2Cregular%2C500%2C600%2C700%2C800%2C900|font_style:900%20bold%20regular%3A900%3Anormal&#8221; css=&#8221;.vc_custom_1617154648079{margin-bottom: 30px !important;}&#8221;][vc_column_text]\n<p style=\"text-align: center;\"><em>Nuestro principal objetivo es la soluci\u00f3n ante cualquier necesidad, apegado siempre a nuestros valores. <\/em><\/p>\n[\/vc_column_text][\/vc_column][\/vc_row][vc_row el_class=&#8221;full-width box-services&#8221; css=&#8221;.vc_custom_1504930209169{margin-right: 0px !important;margin-bottom: 0px !important;margin-left: 0px !important;padding-right: 0px !important;padding-left: 0px !important;}&#8221;][vc_column width=&#8221;1\/3&#8243; css=&#8221;.vc_custom_1452220499612{margin-right: 0px !important;margin-left: 0px !important;padding-right: 0px !important;padding-left: 0px !important;}&#8221;][vc_single_image image=&#8221;15083&#8243; img_size=&#8221;full&#8221; alignment=&#8221;center&#8221;][vc_column_text]\n<div class=\"box-content\">\n<p><i class=\"fa fa-paint-brush\">\u00a0<\/i><\/p>\n<h3>Grabado laser<\/h3>\n<p>&nbsp;<\/p>\n<\/div>\n<div id=\"gtx-trans\" style=\"position: absolute; left: -7px; top: 70px;\">\n<div class=\"gtx-trans-icon\"><\/div>\n<\/div>\n[\/vc_column_text][\/vc_column][vc_column width=&#8221;1\/3&#8243; css=&#8221;.vc_custom_1452220512966{margin-right: 0px !important;margin-left: 0px !important;padding-right: 0px !important;padding-left: 0px !important;}&#8221;][vc_single_image image=&#8221;15084&#8243; img_size=&#8221;full&#8221; alignment=&#8221;center&#8221;][vc_column_text]\n<div class=\"box-content\">\n<p><i class=\"fa fa-paint-brush\">\u00a0<\/i><\/p>\n<h3>Serigraf\u00eda<\/h3>\n<p>__<\/p>\n<\/div>\n<div id=\"gtx-trans\" style=\"position: absolute; left: 520px; top: 85.8px;\">\n<div class=\"gtx-trans-icon\"><\/div>\n<\/div>\n[\/vc_column_text][\/vc_column][vc_column width=&#8221;1\/3&#8243; css=&#8221;.vc_custom_1452220523277{margin-right: 0px !important;margin-left: 0px !important;padding-right: 0px !important;padding-left: 0px !important;}&#8221;][vc_single_image image=&#8221;15085&#8243; img_size=&#8221;full&#8221; alignment=&#8221;center&#8221;][vc_column_text]\n<div class=\"box-content\">\n<p><i class=\"fa fa-paint-brush\">\u00a0<\/i><\/p>\n<h3>Tampograf\u00eda<\/h3>\n<p>__<\/p>\n<\/div>\n<div id=\"gtx-trans\" style=\"position: absolute; left: 0px; top: 130.8px;\">\n<div class=\"gtx-trans-icon\"><\/div>\n<\/div>\n[\/vc_column_text][\/vc_column][\/vc_row][vc_row el_class=&#8221;full-width box-services&#8221; css=&#8221;.vc_custom_1452220483419{margin-right: 0px !important;margin-bottom: 0px !important;margin-left: 0px !important;padding-right: 0px !important;padding-left: 0px !important;}&#8221;][vc_column width=&#8221;1\/3&#8243; css=&#8221;.vc_custom_1452220499612{margin-right: 0px !important;margin-left: 0px !important;padding-right: 0px !important;padding-left: 0px !important;}&#8221;][vc_single_image image=&#8221;15086&#8243; img_size=&#8221;full&#8221; alignment=&#8221;center&#8221;][vc_column_text]\n<div class=\"box-content\">\n<p><i class=\"fa fa-paint-brush\">\u00a0<\/i><\/p>\n<h3>Transfer Digital<\/h3>\n<p>__<\/p>\n<\/div>\n<div id=\"gtx-trans\" style=\"position: absolute; left: -6px; top: 85.8px;\">\n<div class=\"gtx-trans-icon\"><\/div>\n<\/div>\n[\/vc_column_text][\/vc_column][vc_column width=&#8221;1\/3&#8243; css=&#8221;.vc_custom_1452220512966{margin-right: 0px !important;margin-left: 0px !important;padding-right: 0px !important;padding-left: 0px !important;}&#8221;][vc_single_image image=&#8221;15087&#8243; img_size=&#8221;full&#8221; alignment=&#8221;center&#8221;][vc_column_text]\n<div class=\"box-content\">\n<p><i class=\"fa fa-paint-brush\">\u00a0<\/i><\/p>\n<h3>Bordados<\/h3>\n<p>__<\/p>\n<\/div>\n[\/vc_column_text][\/vc_column][vc_column width=&#8221;1\/3&#8243; css=&#8221;.vc_custom_1452220523277{margin-right: 0px !important;margin-left: 0px !important;padding-right: 0px !important;padding-left: 0px !important;}&#8221;][vc_single_image image=&#8221;15088&#8243; img_size=&#8221;full&#8221; alignment=&#8221;center&#8221;][vc_column_text]\n<div class=\"box-content\">\n<p><i class=\"fa fa-paint-brush\">\u00a0<\/i><\/p>\n<h3>Impresi\u00f3n Digital<\/h3>\n<p>__<\/p>\n<\/div>\n[\/vc_column_text][\/vc_column][\/vc_row][vc_row el_class=&#8221;full-width box-services&#8221; css=&#8221;.vc_custom_1516589932554{margin-right: 0px !important;margin-bottom: 0px !important;margin-left: 0px !important;padding-right: 0px !important;padding-left: 0px !important;}&#8221;][vc_column width=&#8221;1\/3&#8243; css=&#8221;.vc_custom_1452220499612{margin-right: 0px !important;margin-left: 0px !important;padding-right: 0px !important;padding-left: 0px !important;}&#8221;][vc_single_image image=&#8221;15089&#8243; img_size=&#8221;full&#8221; alignment=&#8221;center&#8221;][vc_column_text]\n<div class=\"box-content\">\n<p><i class=\"fa fa-paint-brush\">\u00a0<\/i><\/p>\n<h3>Gota de Resina<\/h3>\n<p>__<\/p>\n<\/div>\n[\/vc_column_text][\/vc_column][vc_column width=&#8221;1\/3&#8243; css=&#8221;.vc_custom_1452220512966{margin-right: 0px !important;margin-left: 0px !important;padding-right: 0px !important;padding-left: 0px !important;}&#8221;][vc_single_image image=&#8221;15880&#8243; img_size=&#8221;full&#8221; alignment=&#8221;center&#8221;][vc_column_text]\n<div class=\"box-content\">\n<p><i class=\"fa fa-paint-brush\">\u00a0<\/i><\/p>\n<h3>Sublimaci\u00f3n<\/h3>\n<p>__<\/p>\n<\/div>\n[\/vc_column_text][\/vc_column][vc_column width=&#8221;1\/3&#8243;][vc_single_image image=&#8221;15879&#8243; img_size=&#8221;full&#8221; alignment=&#8221;center&#8221;][vc_column_text]\n<div class=\"box-content\">\n<p><i class=\"fa fa-paint-brush\">\u00a0<\/i><\/p>\n<h3>Sublimaci\u00f3n<\/h3>\n<p>__<\/p>\n<\/div>\n[\/vc_column_text][\/vc_column][\/vc_row][vc_row el_class=&#8221;full-width box-services&#8221; css=&#8221;.vc_custom_1516589932554{margin-right: 0px !important;margin-bottom: 0px !important;margin-left: 0px !important;padding-right: 0px !important;padding-left: 0px !important;}&#8221;][vc_column width=&#8221;1\/3&#8243; css=&#8221;.vc_custom_1452220499612{margin-right: 0px !important;margin-left: 0px !important;padding-right: 0px !important;padding-left: 0px !important;}&#8221;][vc_single_image image=&#8221;15881&#8243; img_size=&#8221;full&#8221; alignment=&#8221;center&#8221;][vc_column_text]\n<div class=\"box-content\">\n<p><i class=\"fa fa-paint-brush\">\u00a0<\/i><\/p>\n<h3>Gota de Resina<\/h3>\n<p>__<\/p>\n<\/div>\n[\/vc_column_text][\/vc_column][vc_column width=&#8221;1\/3&#8243; css=&#8221;.vc_custom_1452220512966{margin-right: 0px !important;margin-left: 0px !important;padding-right: 0px !important;padding-left: 0px !important;}&#8221;][vc_single_image image=&#8221;15882&#8243; img_size=&#8221;full&#8221; alignment=&#8221;center&#8221;][vc_column_text]\n<div class=\"box-content\">\n<p><i class=\"fa fa-paint-brush\">\u00a0<\/i><\/p>\n<h3>Sublimaci\u00f3n<\/h3>\n<p>__<\/p>\n<\/div>\n[\/vc_column_text][\/vc_column][vc_column width=&#8221;1\/3&#8243;][vc_single_image image=&#8221;15883&#8243; img_size=&#8221;full&#8221; alignment=&#8221;center&#8221;][vc_column_text]\n<div class=\"box-content\">\n<p><i class=\"fa fa-paint-brush\">\u00a0<\/i><\/p>\n<h3>Sublimaci\u00f3n<\/h3>\n<p>__<\/p>\n<\/div>\n[\/vc_column_text][\/vc_column][\/vc_row]\n","protected":false},"excerpt":{"rendered":"<p>[vc_row el_class=&#8221;full-width vertical-center&#8221; css=&#8221;.vc_custom_1481093278514{margin-bottom: 0px !important;background-color: #f6f6f6 !important;}&#8221;][vc_column css=&#8221;.vc_custom_1489983395233{margin-right: 0px !important;margin-left: 0px !important;padding-top: 100px !important;padding-right: 50px !important;padding-bottom: 100px !important;padding-left: 50px !important;background-color: #f6f6f6<\/p>\n","protected":false},"author":1,"featured_media":0,"parent":0,"menu_order":0,"comment_status":"closed","ping_status":"closed","template":"page-templates\/service.php","meta":{"footnotes":""},"class_list":["post-15076","page","type-page","status-publish","hentry"],"_links":{"self":[{"href":"http:\/\/119.8.7.19\/masterprom\/wp-json\/wp\/v2\/pages\/15076","targetHints":{"allow":["GET"]}}],"collection":[{"href":"http:\/\/119.8.7.19\/masterprom\/wp-json\/wp\/v2\/pages"}],"about":[{"href":"http:\/\/119.8.7.19\/masterprom\/wp-json\/wp\/v2\/types\/page"}],"author":[{"embeddable":true,"href":"http:\/\/119.8.7.19\/masterprom\/wp-json\/wp\/v2\/users\/1"}],"replies":[{"embeddable":true,"href":"http:\/\/119.8.7.19\/masterprom\/wp-json\/wp\/v2\/comments?post=15076"}],"version-history":[{"count":11,"href":"http:\/\/119.8.7.19\/masterprom\/wp-json\/wp\/v2\/pages\/15076\/revisions"}],"predecessor-version":[{"id":15886,"href":"http:\/\/119.8.7.19\/masterprom\/wp-json\/wp\/v2\/pages\/15076\/revisions\/15886"}],"wp:attachment":[{"href":"http:\/\/119.8.7.19\/masterprom\/wp-json\/wp\/v2\/media?parent=15076"}],"curies":[{"name":"wp","href":"https:\/\/api.w.org\/{rel}","templated":true}]}}