{"id":15056,"date":"2021-03-31T00:12:09","date_gmt":"2021-03-31T00:12:09","guid":{"rendered":"http:\/\/119.8.7.19\/masterprom\/?page_id=15056"},"modified":"2021-04-08T13:30:14","modified_gmt":"2021-04-08T18:30:14","slug":"quienes-somos","status":"publish","type":"page","link":"http:\/\/119.8.7.19\/masterprom\/quienes-somos\/","title":{"rendered":"QUIENES SOMOS"},"content":{"rendered":"[vc_row css=&#8221;.vc_custom_1481094785428{margin-top: 0px !important;margin-right: 0px !important;margin-bottom: 0px !important;margin-left: 0px !important;background-position: center !important;background-repeat: no-repeat !important;background-size: cover !important;}&#8221; el_class=&#8221;content-about1 full-width vertical-center&#8221;][vc_column css=&#8221;.vc_custom_1481094882864{margin-bottom: 0px !important;padding-right: 0px !important;padding-left: 0px !important;}&#8221; offset=&#8221;vc_col-lg-6 vc_col-md-12&#8243;][vc_single_image image=&#8221;15062&#8243; img_size=&#8221;full&#8221; alignment=&#8221;center&#8221; css=&#8221;.vc_custom_1617151868893{margin-top: 0px !important;margin-right: 0px !important;margin-bottom: 0px !important;margin-left: 0px !important;padding-right: 0px !important;padding-left: 0px !important;}&#8221;][\/vc_column][vc_column el_class=&#8221;about-intro&#8221; css=&#8221;.vc_custom_1489982268443{margin-right: 0px !important;margin-left: 0px !important;padding-top: 100px !important;padding-right: 50px !important;padding-bottom: 100px !important;padding-left: 50px !important;}&#8221; offset=&#8221;vc_col-lg-6 vc_col-md-12&#8243;][vc_column_text]\n<h2 style=\"text-align: center;\"><span style=\"color: #f28773;\"><strong>MASTERPROM<\/strong><\/span><br \/>\n<strong>NUESTRO EQUIPO<\/strong><\/h2>\n<p style=\"text-align: justify;\"><span style=\"font-size: 18px;\">Somos un equipo comprometido con nuestros clientes, contamos con una amplia gama de art\u00edculos promoci\u00f3nales para la promoci\u00f3n de su empresa, nos respalda la experiencia de negocios con marcas de gran prestigio y asumimos como reto satisfacer sus m\u00e1s altas expectativas y exigencias.\u00a0<\/span><\/p>\n<p style=\"text-align: center;\"><a class=\"button readmore\" href=\"\/servicios\">Ver servicios<\/a><\/p>\n[\/vc_column_text][\/vc_column][\/vc_row][vc_row el_class=&#8221;full-width corporate-counter&#8221; css=&#8221;.vc_custom_1455524971985{margin-right: 0px !important;margin-bottom: 0px !important;margin-left: 0px !important;padding-right: 0px !important;padding-left: 0px !important;}&#8221;][vc_column width=&#8221;1\/2&#8243; css=&#8221;.vc_custom_1617242842600{padding-top: 90px !important;padding-bottom: 90px !important;background-color: #f2d5d0 !important;}&#8221; offset=&#8221;vc_col-lg-3 vc_col-md-3&#8243;]<div class=\"plantmore-counter\"><div class=\"counter-image\"><img decoding=\"async\" src=\"http:\/\/119.8.7.19\/masterprom\/wp-content\/uploads\/2021\/03\/plus-256x256-MTP.png\" alt=\"Clientes felices\" \/><\/div><div class=\"counter-info\"><div class=\"counter-number\"><span>1000<\/span><\/div><div class=\"counter-text\"><span>Clientes felices<\/span><\/div><\/div><\/div>[\/vc_column][vc_column width=&#8221;1\/2&#8243; css=&#8221;.vc_custom_1617242791827{padding-top: 90px !important;padding-bottom: 90px !important;background-color: #f2b2a7 !important;}&#8221; offset=&#8221;vc_col-lg-3 vc_col-md-3&#8243;]<div class=\"plantmore-counter\"><div class=\"counter-image\"><img decoding=\"async\" src=\"http:\/\/119.8.7.19\/masterprom\/wp-content\/uploads\/2021\/03\/plus-256x256-MTP.png\" alt=\"Categor\u00edas promocionales\" \/><\/div><div class=\"counter-info\"><div class=\"counter-number\"><span>15<\/span><\/div><div class=\"counter-text\"><span>Categor\u00edas promocionales<\/span><\/div><\/div><\/div>[\/vc_column][vc_column width=&#8221;1\/2&#8243; css=&#8221;.vc_custom_1617242849629{padding-top: 90px !important;padding-bottom: 90px !important;background-color: #f2d5d0 !important;}&#8221; offset=&#8221;vc_col-lg-3 vc_col-md-3&#8243;]<div class=\"plantmore-counter\"><div class=\"counter-image\"><img decoding=\"async\" src=\"http:\/\/119.8.7.19\/masterprom\/wp-content\/uploads\/2021\/03\/plus-256x256-MTP.png\" alt=\"Producto promocionales\" \/><\/div><div class=\"counter-info\"><div class=\"counter-number\"><span>300<\/span><\/div><div class=\"counter-text\"><span>Producto promocionales<\/span><\/div><\/div><\/div>[\/vc_column][vc_column width=&#8221;1\/2&#8243; css=&#8221;.vc_custom_1617242799821{padding-top: 90px !important;padding-bottom: 90px !important;background-color: #f2b2a7 !important;}&#8221; offset=&#8221;vc_col-lg-3 vc_col-md-3&#8243;]<div class=\"plantmore-counter\"><div class=\"counter-image\"><img decoding=\"async\" src=\"http:\/\/119.8.7.19\/masterprom\/wp-content\/uploads\/2021\/03\/plus-256x256-MTP.png\" alt=\"Tipos de Servicios\" \/><\/div><div class=\"counter-info\"><div class=\"counter-number\"><span>10<\/span><\/div><div class=\"counter-text\"><span>Tipos de Servicios<\/span><\/div><\/div><\/div>[\/vc_column][\/vc_row][vc_row el_class=&#8221;about-skill full-width vertical-center&#8221; css=&#8221;.vc_custom_1617905951665{margin-bottom: 0px !important;}&#8221;][vc_column css=&#8221;.vc_custom_1489982276999{padding-top: 100px !important;padding-right: 160px !important;padding-bottom: 100px !important;padding-left: 160px !important;}&#8221; offset=&#8221;vc_col-lg-6 vc_col-md-12&#8243; el_class=&#8221;about-show-skill&#8221;][vc_custom_heading text=&#8221;TENEMOS VALORES QUE MOSTRARTE&#8221; font_container=&#8221;tag:h2|font_size:30|text_align:left|color:%23444444&#8243; google_fonts=&#8221;font_family:Raleway%3A100%2C200%2C300%2Cregular%2C500%2C600%2C700%2C800%2C900|font_style:900%20bold%20regular%3A900%3Anormal&#8221; css=&#8221;.vc_custom_1617152070233{margin-bottom: 35px !important;}&#8221;][vc_progress_bar values=&#8221;%5B%7B%22label%22%3A%22%C3%89TICA%22%2C%22value%22%3A%22100%22%2C%22color%22%3A%22custom%22%2C%22customcolor%22%3A%22%237b7b7b%22%2C%22customtxtcolor%22%3A%22%23ffffff%22%7D%2C%7B%22label%22%3A%22HONESTIDAD%22%2C%22value%22%3A%22100%22%2C%22color%22%3A%22custom%22%2C%22customcolor%22%3A%22%237b7b7b%22%2C%22customtxtcolor%22%3A%22%23ffffff%22%7D%2C%7B%22label%22%3A%22LEALTAD%22%2C%22value%22%3A%22100%22%2C%22color%22%3A%22custom%22%2C%22customcolor%22%3A%22%237b7b7b%22%2C%22customtxtcolor%22%3A%22%23ffffff%22%7D%2C%7B%22label%22%3A%22INTEGRIDAD%22%2C%22value%22%3A%22100%22%2C%22color%22%3A%22custom%22%2C%22customcolor%22%3A%22%237b7b7b%22%2C%22customtxtcolor%22%3A%22%23ffffff%22%7D%2C%7B%22label%22%3A%22RESPONSABILIDAD%22%2C%22value%22%3A%22100%22%2C%22color%22%3A%22custom%22%2C%22customcolor%22%3A%22%237b7b7b%22%2C%22customtxtcolor%22%3A%22%23ffffff%22%7D%2C%7B%22label%22%3A%22PROFESIONALISMO%22%2C%22value%22%3A%22100%22%2C%22color%22%3A%22custom%22%2C%22customcolor%22%3A%22%237b7b7b%22%2C%22customtxtcolor%22%3A%22%23ffffff%22%7D%2C%7B%22label%22%3A%22ORIENTACI%C3%93N%20AL%20CLIENTE%22%2C%22value%22%3A%22100%22%2C%22color%22%3A%22custom%22%2C%22customcolor%22%3A%22%237b7b7b%22%2C%22customtxtcolor%22%3A%22%23ffffff%22%7D%2C%7B%22label%22%3A%22INNOVACI%C3%93N%22%2C%22value%22%3A%22100%22%2C%22color%22%3A%22custom%22%2C%22customcolor%22%3A%22%237b7b7b%22%2C%22customtxtcolor%22%3A%22%23ffffff%22%7D%5D&#8221; bgcolor=&#8221;custom&#8221; custombgcolor=&#8221;#f28773&#8243; customtxtcolor=&#8221;#f2ddda&#8221; units=&#8221;%&#8221;][\/vc_column][vc_column css=&#8221;.vc_custom_1617905958883{padding-right: 0px !important;padding-left: 0px !important;background-color: #d6d6d6 !important;}&#8221; offset=&#8221;vc_col-lg-6 vc_col-md-12&#8243;][vc_empty_space][vc_column_text]\n<h3><span style=\"font-family: 'trebuchet ms', geneva, sans-serif;\"><strong>NUESTRA MISI\u00d3N<\/strong><\/span><\/h3>\n<div id=\"gtx-trans\" style=\"position: absolute; left: -43px; top: 0px;\">\n<div class=\"gtx-trans-icon\"><\/div>\n<\/div>\n[\/vc_column_text][vc_column_text]\n<p style=\"text-align: left;\"><span style=\"font-size: 16px;\">Ofrecer nuestro mayor esfuerzo y profesionalismo, creando lazos de lealtad y compromiso con nuestros clientes, teniendo como resultado la satisfacci\u00f3n total.<\/span><\/p>\n[\/vc_column_text][vc_column_text]\n<h3><span style=\"font-family: 'trebuchet ms', geneva, sans-serif;\"><strong>NUESTRA VISI\u00d3N<\/strong><\/span><\/h3>\n<div id=\"gtx-trans\" style=\"position: absolute; left: -6px; top: 49.8px;\">\n<div class=\"gtx-trans-icon\"><\/div>\n<\/div>\n[\/vc_column_text][vc_column_text]\n<p style=\"text-align: left;\"><span style=\"font-size: 16px;\">Posicionarnos como una empresa l\u00edder en el ramo, en constante crecimiento de la mano de nuestros clientes. <\/span><\/p>\n<p style=\"text-align: left;\"><span style=\"font-size: 16px;\">Nuestro principal objetivo es la soluci\u00f3n ante cualquier necesidad, apegado siempre a nuestros valores.<\/span><\/p>\n[\/vc_column_text][vc_single_image image=&#8221;15064&#8243; img_size=&#8221;full&#8221; alignment=&#8221;center&#8221; css=&#8221;.vc_custom_1617151898209{margin-top: 0px !important;margin-right: 0px !important;margin-bottom: 0px !important;margin-left: 0px !important;padding-right: 0px !important;padding-left: 0px !important;}&#8221;][vc_empty_space][\/vc_column][\/vc_row]\n","protected":false},"excerpt":{"rendered":"<p>[vc_row css=&#8221;.vc_custom_1481094785428{margin-top: 0px !important;margin-right: 0px !important;margin-bottom: 0px !important;margin-left: 0px !important;background-position: center !important;background-repeat: no-repeat !important;background-size: cover !important;}&#8221; el_class=&#8221;content-about1 full-width vertical-center&#8221;][vc_column css=&#8221;.vc_custom_1481094882864{margin-bottom: 0px !important;padding-right:<\/p>\n","protected":false},"author":1,"featured_media":0,"parent":0,"menu_order":0,"comment_status":"open","ping_status":"closed","template":"page-templates\/about-page.php","meta":{"footnotes":""},"class_list":["post-15056","page","type-page","status-publish","hentry"],"_links":{"self":[{"href":"http:\/\/119.8.7.19\/masterprom\/wp-json\/wp\/v2\/pages\/15056","targetHints":{"allow":["GET"]}}],"collection":[{"href":"http:\/\/119.8.7.19\/masterprom\/wp-json\/wp\/v2\/pages"}],"about":[{"href":"http:\/\/119.8.7.19\/masterprom\/wp-json\/wp\/v2\/types\/page"}],"author":[{"embeddable":true,"href":"http:\/\/119.8.7.19\/masterprom\/wp-json\/wp\/v2\/users\/1"}],"replies":[{"embeddable":true,"href":"http:\/\/119.8.7.19\/masterprom\/wp-json\/wp\/v2\/comments?post=15056"}],"version-history":[{"count":28,"href":"http:\/\/119.8.7.19\/masterprom\/wp-json\/wp\/v2\/pages\/15056\/revisions"}],"predecessor-version":[{"id":15923,"href":"http:\/\/119.8.7.19\/masterprom\/wp-json\/wp\/v2\/pages\/15056\/revisions\/15923"}],"wp:attachment":[{"href":"http:\/\/119.8.7.19\/masterprom\/wp-json\/wp\/v2\/media?parent=15056"}],"curies":[{"name":"wp","href":"https:\/\/api.w.org\/{rel}","templated":true}]}}